{"id":1648,"date":"2020-08-18T15:04:59","date_gmt":"2020-08-18T13:04:59","guid":{"rendered":"http:\/\/demo.thodepohlai.com\/?page_id=1648"},"modified":"2022-12-08T17:46:20","modified_gmt":"2022-12-08T16:46:20","slug":"ekn-einkaufsgruppe-nord","status":"publish","type":"page","link":"https:\/\/www.thodepohlai.com\/index.php\/ekn-einkaufsgruppe-nord\/","title":{"rendered":"EINKAUFSGRUPPE NORD"},"content":{"rendered":"\t\t<div data-elementor-type=\"wp-page\" data-elementor-id=\"1648\" class=\"elementor elementor-1648\">\n\t\t\t\t\t\t<section class=\"elementor-section elementor-top-section elementor-element elementor-element-bf6ee44 elementor-section-full_width elementor-section-height-default elementor-section-height-default\" data-id=\"bf6ee44\" data-element_type=\"section\">\n\t\t\t\t\t\t<div class=\"elementor-container elementor-column-gap-default\">\n\t\t\t\t\t<div class=\"elementor-column elementor-col-50 elementor-top-column elementor-element elementor-element-adf137b\" data-id=\"adf137b\" data-element_type=\"column\">\n\t\t\t<div class=\"elementor-widget-wrap elementor-element-populated\">\n\t\t\t\t\t\t<div class=\"elementor-element elementor-element-f6b5389 elementor-widget__width-initial elementor-widget elementor-widget-heading\" data-id=\"f6b5389\" data-element_type=\"widget\" data-widget_type=\"heading.default\">\n\t\t\t\t<div class=\"elementor-widget-container\">\n\t\t\t\t\t<h2 class=\"elementor-heading-title elementor-size-default\">EINKAUFS-GRUPPE NORD<\/h2>\t\t\t\t<\/div>\n\t\t\t\t<\/div>\n\t\t\t\t<div class=\"elementor-element elementor-element-eda33ed elementor-widget elementor-widget-text-editor\" data-id=\"eda33ed\" data-element_type=\"widget\" data-widget_type=\"text-editor.default\">\n\t\t\t\t<div class=\"elementor-widget-container\">\n\t\t\t\t\t\t\t\t\t<p>ADVERTISING<\/p>\t\t\t\t\t\t\t\t<\/div>\n\t\t\t\t<\/div>\n\t\t\t\t\t<\/div>\n\t\t<\/div>\n\t\t\t\t<div class=\"elementor-column elementor-col-50 elementor-top-column elementor-element elementor-element-119f680\" data-id=\"119f680\" data-element_type=\"column\">\n\t\t\t<div class=\"elementor-widget-wrap elementor-element-populated\">\n\t\t\t\t\t\t<div class=\"elementor-element elementor-element-36af4f1 elementor-widget elementor-widget-text-editor\" data-id=\"36af4f1\" data-element_type=\"widget\" data-widget_type=\"text-editor.default\">\n\t\t\t\t<div class=\"elementor-widget-container\">\n\t\t\t\t\t\t\t\t\t<p>Zur Einkaufsgruppe Nord geh\u00f6ren ca. 30 mittelst\u00e4ndige Partner aus ganz Deutschland die sich zusammengeschlossen haben, um neben dem HAKA-Einkauf auch die Werbema\u00dfnahmen gemeinsam zu realisieren. F\u00fcr diesen Zweck entwickeln wir Kommunikationsl\u00f6sungen von denen alle Partner gleicherma\u00dfen profitieren. Und das integriert \u00fcber alle Kommunikationskan\u00e4le \u2013 Off- und Online.<\/p>\t\t\t\t\t\t\t\t<\/div>\n\t\t\t\t<\/div>\n\t\t\t\t\t<\/div>\n\t\t<\/div>\n\t\t\t\t\t<\/div>\n\t\t<\/section>\n\t\t\t\t<section class=\"elementor-section elementor-top-section elementor-element elementor-element-2a32f33 elementor-section-boxed elementor-section-height-default elementor-section-height-default\" data-id=\"2a32f33\" data-element_type=\"section\">\n\t\t\t\t\t\t<div class=\"elementor-container elementor-column-gap-default\">\n\t\t\t\t\t<div class=\"elementor-column elementor-col-100 elementor-top-column elementor-element elementor-element-d91f2ed\" data-id=\"d91f2ed\" data-element_type=\"column\">\n\t\t\t<div class=\"elementor-widget-wrap elementor-element-populated\">\n\t\t\t\t\t\t<div class=\"elementor-element elementor-element-d1ffcde elementor-widget elementor-widget-image\" data-id=\"d1ffcde\" data-element_type=\"widget\" data-widget_type=\"image.default\">\n\t\t\t\t<div class=\"elementor-widget-container\">\n\t\t\t\t\t\t\t\t\t\t\t\t\t\t\t<img fetchpriority=\"high\" decoding=\"async\" width=\"907\" height=\"1024\" src=\"https:\/\/www.thodepohlai.com\/wp-content\/uploads\/2022\/12\/05_Work_EKN_22122-907x1024.png\" class=\"attachment-large size-large wp-image-3094\" alt=\"\" srcset=\"https:\/\/www.thodepohlai.com\/wp-content\/uploads\/2022\/12\/05_Work_EKN_22122-907x1024.png 907w, https:\/\/www.thodepohlai.com\/wp-content\/uploads\/2022\/12\/05_Work_EKN_22122-266x300.png 266w, https:\/\/www.thodepohlai.com\/wp-content\/uploads\/2022\/12\/05_Work_EKN_22122-768x867.png 768w, https:\/\/www.thodepohlai.com\/wp-content\/uploads\/2022\/12\/05_Work_EKN_22122-21x24.png 21w, https:\/\/www.thodepohlai.com\/wp-content\/uploads\/2022\/12\/05_Work_EKN_22122-32x36.png 32w, https:\/\/www.thodepohlai.com\/wp-content\/uploads\/2022\/12\/05_Work_EKN_22122-43x48.png 43w, https:\/\/www.thodepohlai.com\/wp-content\/uploads\/2022\/12\/05_Work_EKN_22122.png 1100w\" sizes=\"(max-width: 907px) 100vw, 907px\" \/>\t\t\t\t\t\t\t\t\t\t\t\t\t\t\t<\/div>\n\t\t\t\t<\/div>\n\t\t\t\t\t<\/div>\n\t\t<\/div>\n\t\t\t\t\t<\/div>\n\t\t<\/section>\n\t\t\t\t<section class=\"elementor-section elementor-top-section elementor-element elementor-element-6c27459 elementor-section-boxed elementor-section-height-default elementor-section-height-default\" data-id=\"6c27459\" data-element_type=\"section\">\n\t\t\t\t\t\t<div class=\"elementor-container elementor-column-gap-default\">\n\t\t\t\t\t<div class=\"elementor-column elementor-col-100 elementor-top-column elementor-element elementor-element-d1f0074\" data-id=\"d1f0074\" data-element_type=\"column\">\n\t\t\t<div class=\"elementor-widget-wrap elementor-element-populated\">\n\t\t\t\t\t\t<div class=\"elementor-element elementor-element-35d8174 elementor-widget elementor-widget-image\" data-id=\"35d8174\" data-element_type=\"widget\" data-widget_type=\"image.default\">\n\t\t\t\t<div class=\"elementor-widget-container\">\n\t\t\t\t\t\t\t\t\t\t\t\t\t\t\t<img decoding=\"async\" width=\"1024\" height=\"750\" src=\"https:\/\/www.thodepohlai.com\/wp-content\/uploads\/2022\/12\/05_Work_EKN_22123-1024x750.png\" class=\"attachment-large size-large wp-image-3095\" alt=\"\" srcset=\"https:\/\/www.thodepohlai.com\/wp-content\/uploads\/2022\/12\/05_Work_EKN_22123-1024x750.png 1024w, https:\/\/www.thodepohlai.com\/wp-content\/uploads\/2022\/12\/05_Work_EKN_22123-300x220.png 300w, https:\/\/www.thodepohlai.com\/wp-content\/uploads\/2022\/12\/05_Work_EKN_22123-768x563.png 768w, https:\/\/www.thodepohlai.com\/wp-content\/uploads\/2022\/12\/05_Work_EKN_22123-24x18.png 24w, https:\/\/www.thodepohlai.com\/wp-content\/uploads\/2022\/12\/05_Work_EKN_22123-36x26.png 36w, https:\/\/www.thodepohlai.com\/wp-content\/uploads\/2022\/12\/05_Work_EKN_22123-48x35.png 48w, https:\/\/www.thodepohlai.com\/wp-content\/uploads\/2022\/12\/05_Work_EKN_22123.png 1100w\" sizes=\"(max-width: 1024px) 100vw, 1024px\" \/>\t\t\t\t\t\t\t\t\t\t\t\t\t\t\t<\/div>\n\t\t\t\t<\/div>\n\t\t\t\t\t<\/div>\n\t\t<\/div>\n\t\t\t\t\t<\/div>\n\t\t<\/section>\n\t\t\t\t<section class=\"elementor-section elementor-top-section elementor-element elementor-element-6b5451d elementor-section-boxed elementor-section-height-default elementor-section-height-default\" data-id=\"6b5451d\" data-element_type=\"section\">\n\t\t\t\t\t\t<div class=\"elementor-container elementor-column-gap-default\">\n\t\t\t\t\t<div class=\"elementor-column elementor-col-100 elementor-top-column elementor-element elementor-element-7186a08\" data-id=\"7186a08\" data-element_type=\"column\">\n\t\t\t<div class=\"elementor-widget-wrap elementor-element-populated\">\n\t\t\t\t\t\t<div class=\"elementor-element elementor-element-cd6ee1c elementor-widget elementor-widget-image\" data-id=\"cd6ee1c\" data-element_type=\"widget\" data-widget_type=\"image.default\">\n\t\t\t\t<div class=\"elementor-widget-container\">\n\t\t\t\t\t\t\t\t\t\t\t\t\t\t\t<img decoding=\"async\" width=\"999\" height=\"1024\" src=\"https:\/\/www.thodepohlai.com\/wp-content\/uploads\/2022\/12\/05_Work_EKN_22124-999x1024.png\" class=\"attachment-large size-large wp-image-3096\" alt=\"\" srcset=\"https:\/\/www.thodepohlai.com\/wp-content\/uploads\/2022\/12\/05_Work_EKN_22124-999x1024.png 999w, https:\/\/www.thodepohlai.com\/wp-content\/uploads\/2022\/12\/05_Work_EKN_22124-293x300.png 293w, https:\/\/www.thodepohlai.com\/wp-content\/uploads\/2022\/12\/05_Work_EKN_22124-768x787.png 768w, https:\/\/www.thodepohlai.com\/wp-content\/uploads\/2022\/12\/05_Work_EKN_22124-24x24.png 24w, https:\/\/www.thodepohlai.com\/wp-content\/uploads\/2022\/12\/05_Work_EKN_22124-36x36.png 36w, https:\/\/www.thodepohlai.com\/wp-content\/uploads\/2022\/12\/05_Work_EKN_22124-48x48.png 48w, https:\/\/www.thodepohlai.com\/wp-content\/uploads\/2022\/12\/05_Work_EKN_22124.png 1100w\" sizes=\"(max-width: 999px) 100vw, 999px\" \/>\t\t\t\t\t\t\t\t\t\t\t\t\t\t\t<\/div>\n\t\t\t\t<\/div>\n\t\t\t\t<div class=\"elementor-element elementor-element-1241f4e elementor-widget elementor-widget-image\" data-id=\"1241f4e\" data-element_type=\"widget\" data-widget_type=\"image.default\">\n\t\t\t\t<div class=\"elementor-widget-container\">\n\t\t\t\t\t\t\t\t\t\t\t\t\t\t\t<img loading=\"lazy\" decoding=\"async\" width=\"1024\" height=\"842\" src=\"https:\/\/www.thodepohlai.com\/wp-content\/uploads\/2022\/12\/05_Work_EKN_22125-1024x842.png\" class=\"attachment-large size-large wp-image-3097\" alt=\"\" srcset=\"https:\/\/www.thodepohlai.com\/wp-content\/uploads\/2022\/12\/05_Work_EKN_22125-1024x842.png 1024w, https:\/\/www.thodepohlai.com\/wp-content\/uploads\/2022\/12\/05_Work_EKN_22125-300x247.png 300w, https:\/\/www.thodepohlai.com\/wp-content\/uploads\/2022\/12\/05_Work_EKN_22125-768x632.png 768w, https:\/\/www.thodepohlai.com\/wp-content\/uploads\/2022\/12\/05_Work_EKN_22125-24x20.png 24w, https:\/\/www.thodepohlai.com\/wp-content\/uploads\/2022\/12\/05_Work_EKN_22125-36x30.png 36w, https:\/\/www.thodepohlai.com\/wp-content\/uploads\/2022\/12\/05_Work_EKN_22125-48x39.png 48w, https:\/\/www.thodepohlai.com\/wp-content\/uploads\/2022\/12\/05_Work_EKN_22125.png 1100w\" sizes=\"(max-width: 1024px) 100vw, 1024px\" \/>\t\t\t\t\t\t\t\t\t\t\t\t\t\t\t<\/div>\n\t\t\t\t<\/div>\n\t\t\t\t\t<\/div>\n\t\t<\/div>\n\t\t\t\t\t<\/div>\n\t\t<\/section>\n\t\t\t\t<section class=\"elementor-section elementor-top-section elementor-element elementor-element-6b80170 elementor-section-height-min-height elementor-section-boxed elementor-section-height-default elementor-section-items-middle\" data-id=\"6b80170\" data-element_type=\"section\">\n\t\t\t\t\t\t<div class=\"elementor-container elementor-column-gap-default\">\n\t\t\t\t\t<div class=\"elementor-column elementor-col-100 elementor-top-column elementor-element elementor-element-cab7965\" data-id=\"cab7965\" data-element_type=\"column\">\n\t\t\t<div class=\"elementor-widget-wrap\">\n\t\t\t\t\t\t\t<\/div>\n\t\t<\/div>\n\t\t\t\t\t<\/div>\n\t\t<\/section>\n\t\t\t\t<\/div>\n\t\t<div class=\"clearfix\"><\/div>","protected":false},"excerpt":{"rendered":"<p>EINKAUFS-GRUPPE NORD ADVERTISING Zur Einkaufsgruppe Nord geh\u00f6ren ca. 30 mittelst\u00e4ndige Partner aus ganz Deutschland die sich zusammengeschlossen haben, um neben dem HAKA-Einkauf auch die Werbema\u00dfnahmen gemeinsam zu realisieren. F\u00fcr diesen Zweck entwickeln wir Kommunikationsl\u00f6sungen von denen alle Partner gleicherma\u00dfen profitieren. Und das integriert \u00fcber alle Kommunikationskan\u00e4le \u2013 Off- und Online.<\/p>\n","protected":false},"author":1,"featured_media":0,"parent":0,"menu_order":0,"comment_status":"closed","ping_status":"closed","template":"","meta":{"inline_featured_image":false,"footnotes":""},"class_list":["post-1648","page","type-page","status-publish","hentry"],"_links":{"self":[{"href":"https:\/\/www.thodepohlai.com\/index.php\/wp-json\/wp\/v2\/pages\/1648"}],"collection":[{"href":"https:\/\/www.thodepohlai.com\/index.php\/wp-json\/wp\/v2\/pages"}],"about":[{"href":"https:\/\/www.thodepohlai.com\/index.php\/wp-json\/wp\/v2\/types\/page"}],"author":[{"embeddable":true,"href":"https:\/\/www.thodepohlai.com\/index.php\/wp-json\/wp\/v2\/users\/1"}],"replies":[{"embeddable":true,"href":"https:\/\/www.thodepohlai.com\/index.php\/wp-json\/wp\/v2\/comments?post=1648"}],"version-history":[{"count":3,"href":"https:\/\/www.thodepohlai.com\/index.php\/wp-json\/wp\/v2\/pages\/1648\/revisions"}],"predecessor-version":[{"id":3100,"href":"https:\/\/www.thodepohlai.com\/index.php\/wp-json\/wp\/v2\/pages\/1648\/revisions\/3100"}],"wp:attachment":[{"href":"https:\/\/www.thodepohlai.com\/index.php\/wp-json\/wp\/v2\/media?parent=1648"}],"curies":[{"name":"wp","href":"https:\/\/api.w.org\/{rel}","templated":true}]}}