{"id":1899,"date":"2020-09-11T15:37:40","date_gmt":"2020-09-11T13:37:40","guid":{"rendered":"http:\/\/demo.thodepohlai.com\/?page_id=1899"},"modified":"2022-09-26T18:12:49","modified_gmt":"2022-09-26T16:12:49","slug":"mag","status":"publish","type":"page","link":"https:\/\/www.thodepohlai.com\/index.php\/mag\/","title":{"rendered":"MAG"},"content":{"rendered":"\t\t<div data-elementor-type=\"wp-page\" data-elementor-id=\"1899\" class=\"elementor elementor-1899\">\n\t\t\t\t\t\t<section class=\"elementor-section elementor-top-section elementor-element elementor-element-bf6ee44 elementor-section-full_width elementor-section-height-default elementor-section-height-default\" data-id=\"bf6ee44\" data-element_type=\"section\">\n\t\t\t\t\t\t<div class=\"elementor-container elementor-column-gap-default\">\n\t\t\t\t\t<div class=\"elementor-column elementor-col-50 elementor-top-column elementor-element elementor-element-adf137b\" data-id=\"adf137b\" data-element_type=\"column\">\n\t\t\t<div class=\"elementor-widget-wrap elementor-element-populated\">\n\t\t\t\t\t\t<div class=\"elementor-element elementor-element-f6b5389 elementor-widget elementor-widget-heading\" data-id=\"f6b5389\" data-element_type=\"widget\" data-widget_type=\"heading.default\">\n\t\t\t\t<div class=\"elementor-widget-container\">\n\t\t\t\t\t<h2 class=\"elementor-heading-title elementor-size-default\">MAG<\/h2>\t\t\t\t<\/div>\n\t\t\t\t<\/div>\n\t\t\t\t<div class=\"elementor-element elementor-element-eda33ed elementor-widget elementor-widget-text-editor\" data-id=\"eda33ed\" data-element_type=\"widget\" data-widget_type=\"text-editor.default\">\n\t\t\t\t<div class=\"elementor-widget-container\">\n\t\t\t\t\t\t\t\t\t<p>ADVERTISING<\/p>\t\t\t\t\t\t\t\t<\/div>\n\t\t\t\t<\/div>\n\t\t\t\t\t<\/div>\n\t\t<\/div>\n\t\t\t\t<div class=\"elementor-column elementor-col-50 elementor-top-column elementor-element elementor-element-119f680\" data-id=\"119f680\" data-element_type=\"column\">\n\t\t\t<div class=\"elementor-widget-wrap elementor-element-populated\">\n\t\t\t\t\t\t<div class=\"elementor-element elementor-element-36af4f1 elementor-widget elementor-widget-text-editor\" data-id=\"36af4f1\" data-element_type=\"widget\" data-widget_type=\"text-editor.default\">\n\t\t\t\t<div class=\"elementor-widget-container\">\n\t\t\t\t\t\t\t\t\t<p>Mittelst\u00e4ndige Einzelh\u00e4ndler haben sich in der Modeaktionsgruppe, kurz MAG, zusammengeschlossen, um auf die ver\u00e4nderten Einkaufsverbindungen in der DOB zu reagieren. Neben dem Einkauf werden auch passende Kommunikationsma\u00dfnahmen gemeinsam <br \/>von den Partnern realisiert f\u00fcr die wir Konzepte entwickeln. <br \/>Unsere Verantwortlichkeit erstreckt sich \u00fcber alle Bereiche, von der Realisation bis hin zur Produktion der Werbemittel \u2013 Off- und Online.<\/p>\t\t\t\t\t\t\t\t<\/div>\n\t\t\t\t<\/div>\n\t\t\t\t\t<\/div>\n\t\t<\/div>\n\t\t\t\t\t<\/div>\n\t\t<\/section>\n\t\t\t\t<section class=\"elementor-section elementor-top-section elementor-element elementor-element-36f9dab elementor-section-boxed elementor-section-height-default elementor-section-height-default\" data-id=\"36f9dab\" data-element_type=\"section\">\n\t\t\t\t\t\t<div class=\"elementor-container elementor-column-gap-default\">\n\t\t\t\t\t<div class=\"elementor-column elementor-col-100 elementor-top-column elementor-element elementor-element-9510fbe\" data-id=\"9510fbe\" data-element_type=\"column\">\n\t\t\t<div class=\"elementor-widget-wrap\">\n\t\t\t\t\t\t\t<\/div>\n\t\t<\/div>\n\t\t\t\t\t<\/div>\n\t\t<\/section>\n\t\t\t\t<section class=\"elementor-section elementor-top-section elementor-element elementor-element-950f277 elementor-section-boxed elementor-section-height-default elementor-section-height-default\" data-id=\"950f277\" data-element_type=\"section\">\n\t\t\t\t\t\t<div class=\"elementor-container elementor-column-gap-default\">\n\t\t\t\t\t<div class=\"elementor-column elementor-col-100 elementor-top-column elementor-element elementor-element-a902463\" data-id=\"a902463\" data-element_type=\"column\">\n\t\t\t<div class=\"elementor-widget-wrap elementor-element-populated\">\n\t\t\t\t\t\t<div class=\"elementor-element elementor-element-6700d89 elementor-widget elementor-widget-image\" data-id=\"6700d89\" data-element_type=\"widget\" data-widget_type=\"image.default\">\n\t\t\t\t<div class=\"elementor-widget-container\">\n\t\t\t\t\t\t\t\t\t\t\t\t\t\t\t<img fetchpriority=\"high\" decoding=\"async\" width=\"1024\" height=\"816\" src=\"https:\/\/www.thodepohlai.com\/wp-content\/uploads\/2022\/09\/10_Work_MAG_Cashmere_223-1024x816.png\" class=\"attachment-large size-large wp-image-2938\" alt=\"\" srcset=\"https:\/\/www.thodepohlai.com\/wp-content\/uploads\/2022\/09\/10_Work_MAG_Cashmere_223-1024x816.png 1024w, https:\/\/www.thodepohlai.com\/wp-content\/uploads\/2022\/09\/10_Work_MAG_Cashmere_223-300x239.png 300w, https:\/\/www.thodepohlai.com\/wp-content\/uploads\/2022\/09\/10_Work_MAG_Cashmere_223-768x612.png 768w, https:\/\/www.thodepohlai.com\/wp-content\/uploads\/2022\/09\/10_Work_MAG_Cashmere_223-1536x1224.png 1536w, https:\/\/www.thodepohlai.com\/wp-content\/uploads\/2022\/09\/10_Work_MAG_Cashmere_223-2048x1633.png 2048w, https:\/\/www.thodepohlai.com\/wp-content\/uploads\/2022\/09\/10_Work_MAG_Cashmere_223-24x19.png 24w, https:\/\/www.thodepohlai.com\/wp-content\/uploads\/2022\/09\/10_Work_MAG_Cashmere_223-36x29.png 36w, https:\/\/www.thodepohlai.com\/wp-content\/uploads\/2022\/09\/10_Work_MAG_Cashmere_223-48x38.png 48w\" sizes=\"(max-width: 1024px) 100vw, 1024px\" \/>\t\t\t\t\t\t\t\t\t\t\t\t\t\t\t<\/div>\n\t\t\t\t<\/div>\n\t\t\t\t<div class=\"elementor-element elementor-element-fb861b3 elementor-widget elementor-widget-image\" data-id=\"fb861b3\" data-element_type=\"widget\" data-widget_type=\"image.default\">\n\t\t\t\t<div class=\"elementor-widget-container\">\n\t\t\t\t\t\t\t\t\t\t\t\t\t\t\t<img decoding=\"async\" width=\"912\" height=\"1024\" src=\"https:\/\/www.thodepohlai.com\/wp-content\/uploads\/2022\/09\/10_Work_MAG_Cashmere_224-912x1024.png\" class=\"attachment-large size-large wp-image-2939\" alt=\"\" srcset=\"https:\/\/www.thodepohlai.com\/wp-content\/uploads\/2022\/09\/10_Work_MAG_Cashmere_224-912x1024.png 912w, https:\/\/www.thodepohlai.com\/wp-content\/uploads\/2022\/09\/10_Work_MAG_Cashmere_224-267x300.png 267w, https:\/\/www.thodepohlai.com\/wp-content\/uploads\/2022\/09\/10_Work_MAG_Cashmere_224-768x862.png 768w, https:\/\/www.thodepohlai.com\/wp-content\/uploads\/2022\/09\/10_Work_MAG_Cashmere_224-1368x1536.png 1368w, https:\/\/www.thodepohlai.com\/wp-content\/uploads\/2022\/09\/10_Work_MAG_Cashmere_224-1824x2048.png 1824w, https:\/\/www.thodepohlai.com\/wp-content\/uploads\/2022\/09\/10_Work_MAG_Cashmere_224-21x24.png 21w, https:\/\/www.thodepohlai.com\/wp-content\/uploads\/2022\/09\/10_Work_MAG_Cashmere_224-32x36.png 32w, https:\/\/www.thodepohlai.com\/wp-content\/uploads\/2022\/09\/10_Work_MAG_Cashmere_224-43x48.png 43w\" sizes=\"(max-width: 912px) 100vw, 912px\" \/>\t\t\t\t\t\t\t\t\t\t\t\t\t\t\t<\/div>\n\t\t\t\t<\/div>\n\t\t\t\t\t<\/div>\n\t\t<\/div>\n\t\t\t\t\t<\/div>\n\t\t<\/section>\n\t\t\t\t<section class=\"elementor-section elementor-top-section elementor-element elementor-element-a5b78d3 elementor-section-boxed elementor-section-height-default elementor-section-height-default\" data-id=\"a5b78d3\" data-element_type=\"section\">\n\t\t\t\t\t\t<div class=\"elementor-container elementor-column-gap-default\">\n\t\t\t\t\t<div class=\"elementor-column elementor-col-100 elementor-top-column elementor-element elementor-element-5819740\" data-id=\"5819740\" data-element_type=\"column\">\n\t\t\t<div class=\"elementor-widget-wrap elementor-element-populated\">\n\t\t\t\t\t\t<div class=\"elementor-element elementor-element-135d33b elementor-widget elementor-widget-image\" data-id=\"135d33b\" data-element_type=\"widget\" data-widget_type=\"image.default\">\n\t\t\t\t<div class=\"elementor-widget-container\">\n\t\t\t\t\t\t\t\t\t\t\t\t\t\t\t<img decoding=\"async\" width=\"1024\" height=\"816\" src=\"https:\/\/www.thodepohlai.com\/wp-content\/uploads\/2022\/09\/10_Work_MAG_Cashmere_22-1024x816.png\" class=\"attachment-large size-large wp-image-2940\" alt=\"\" srcset=\"https:\/\/www.thodepohlai.com\/wp-content\/uploads\/2022\/09\/10_Work_MAG_Cashmere_22-1024x816.png 1024w, https:\/\/www.thodepohlai.com\/wp-content\/uploads\/2022\/09\/10_Work_MAG_Cashmere_22-300x239.png 300w, https:\/\/www.thodepohlai.com\/wp-content\/uploads\/2022\/09\/10_Work_MAG_Cashmere_22-768x612.png 768w, https:\/\/www.thodepohlai.com\/wp-content\/uploads\/2022\/09\/10_Work_MAG_Cashmere_22-1536x1224.png 1536w, https:\/\/www.thodepohlai.com\/wp-content\/uploads\/2022\/09\/10_Work_MAG_Cashmere_22-2048x1633.png 2048w, https:\/\/www.thodepohlai.com\/wp-content\/uploads\/2022\/09\/10_Work_MAG_Cashmere_22-24x19.png 24w, https:\/\/www.thodepohlai.com\/wp-content\/uploads\/2022\/09\/10_Work_MAG_Cashmere_22-36x29.png 36w, https:\/\/www.thodepohlai.com\/wp-content\/uploads\/2022\/09\/10_Work_MAG_Cashmere_22-48x38.png 48w\" sizes=\"(max-width: 1024px) 100vw, 1024px\" \/>\t\t\t\t\t\t\t\t\t\t\t\t\t\t\t<\/div>\n\t\t\t\t<\/div>\n\t\t\t\t\t<\/div>\n\t\t<\/div>\n\t\t\t\t\t<\/div>\n\t\t<\/section>\n\t\t\t\t<\/div>\n\t\t<div class=\"clearfix\"><\/div>","protected":false},"excerpt":{"rendered":"<p>MAG ADVERTISING Mittelst\u00e4ndige Einzelh\u00e4ndler haben sich in der Modeaktionsgruppe, kurz MAG, zusammengeschlossen, um auf die ver\u00e4nderten Einkaufsverbindungen in der DOB zu reagieren. Neben dem Einkauf werden auch passende Kommunikationsma\u00dfnahmen gemeinsam von den Partnern realisiert f\u00fcr die wir Konzepte entwickeln. Unsere Verantwortlichkeit erstreckt sich \u00fcber alle Bereiche, von der Realisation bis hin zur Produktion der Werbemittel [&hellip;]<\/p>\n","protected":false},"author":1,"featured_media":0,"parent":0,"menu_order":0,"comment_status":"closed","ping_status":"closed","template":"","meta":{"inline_featured_image":false,"footnotes":""},"class_list":["post-1899","page","type-page","status-publish","hentry"],"_links":{"self":[{"href":"https:\/\/www.thodepohlai.com\/index.php\/wp-json\/wp\/v2\/pages\/1899"}],"collection":[{"href":"https:\/\/www.thodepohlai.com\/index.php\/wp-json\/wp\/v2\/pages"}],"about":[{"href":"https:\/\/www.thodepohlai.com\/index.php\/wp-json\/wp\/v2\/types\/page"}],"author":[{"embeddable":true,"href":"https:\/\/www.thodepohlai.com\/index.php\/wp-json\/wp\/v2\/users\/1"}],"replies":[{"embeddable":true,"href":"https:\/\/www.thodepohlai.com\/index.php\/wp-json\/wp\/v2\/comments?post=1899"}],"version-history":[{"count":3,"href":"https:\/\/www.thodepohlai.com\/index.php\/wp-json\/wp\/v2\/pages\/1899\/revisions"}],"predecessor-version":[{"id":2943,"href":"https:\/\/www.thodepohlai.com\/index.php\/wp-json\/wp\/v2\/pages\/1899\/revisions\/2943"}],"wp:attachment":[{"href":"https:\/\/www.thodepohlai.com\/index.php\/wp-json\/wp\/v2\/media?parent=1899"}],"curies":[{"name":"wp","href":"https:\/\/api.w.org\/{rel}","templated":true}]}}