{"id":1996,"date":"2020-09-23T15:58:42","date_gmt":"2020-09-23T13:58:42","guid":{"rendered":"http:\/\/demo.thodepohlai.com\/?page_id=1996"},"modified":"2025-05-19T17:37:57","modified_gmt":"2025-05-19T15:37:57","slug":"prime-shoes","status":"publish","type":"page","link":"https:\/\/www.thodepohlai.com\/index.php\/prime-shoes\/","title":{"rendered":"PRIME SHOES"},"content":{"rendered":"\t\t<div data-elementor-type=\"wp-page\" data-elementor-id=\"1996\" class=\"elementor elementor-1996\">\n\t\t\t\t\t\t<section class=\"elementor-section elementor-top-section elementor-element elementor-element-bf6ee44 elementor-section-full_width elementor-section-height-default elementor-section-height-default\" data-id=\"bf6ee44\" data-element_type=\"section\">\n\t\t\t\t\t\t<div class=\"elementor-container elementor-column-gap-default\">\n\t\t\t\t\t<div class=\"elementor-column elementor-col-50 elementor-top-column elementor-element elementor-element-adf137b\" data-id=\"adf137b\" data-element_type=\"column\">\n\t\t\t<div class=\"elementor-widget-wrap elementor-element-populated\">\n\t\t\t\t\t\t<div class=\"elementor-element elementor-element-f6b5389 elementor-widget elementor-widget-heading\" data-id=\"f6b5389\" data-element_type=\"widget\" data-widget_type=\"heading.default\">\n\t\t\t\t<div class=\"elementor-widget-container\">\n\t\t\t\t\t<h2 class=\"elementor-heading-title elementor-size-default\">PRIME SHOES<\/h2>\t\t\t\t<\/div>\n\t\t\t\t<\/div>\n\t\t\t\t<div class=\"elementor-element elementor-element-eda33ed elementor-widget elementor-widget-text-editor\" data-id=\"eda33ed\" data-element_type=\"widget\" data-widget_type=\"text-editor.default\">\n\t\t\t\t<div class=\"elementor-widget-container\">\n\t\t\t\t\t\t\t\t\t<p>ADVERTISING<\/p>\t\t\t\t\t\t\t\t<\/div>\n\t\t\t\t<\/div>\n\t\t\t\t\t<\/div>\n\t\t<\/div>\n\t\t\t\t<div class=\"elementor-column elementor-col-50 elementor-top-column elementor-element elementor-element-119f680\" data-id=\"119f680\" data-element_type=\"column\">\n\t\t\t<div class=\"elementor-widget-wrap elementor-element-populated\">\n\t\t\t\t\t\t<div class=\"elementor-element elementor-element-36af4f1 elementor-widget elementor-widget-text-editor\" data-id=\"36af4f1\" data-element_type=\"widget\" data-widget_type=\"text-editor.default\">\n\t\t\t\t<div class=\"elementor-widget-container\">\n\t\t\t\t\t\t\t\t\t<div><p>Traditionelle Handwerkskunst, Innovation und ein hoher Anspruch an Qualit\u00e4t und Design. Daf\u00fcr steht PRIME SHOES und lebt diese Schuhkultur. In einem Imagebuch haben wir diese Philosophie der Marke ausdrucksstark in Szene gesetzt.<\/p><\/div>\t\t\t\t\t\t\t\t<\/div>\n\t\t\t\t<\/div>\n\t\t\t\t\t<\/div>\n\t\t<\/div>\n\t\t\t\t\t<\/div>\n\t\t<\/section>\n\t\t\t\t<section class=\"elementor-section elementor-top-section elementor-element elementor-element-b8157d4 elementor-section-boxed elementor-section-height-default elementor-section-height-default\" data-id=\"b8157d4\" data-element_type=\"section\">\n\t\t\t\t\t\t<div class=\"elementor-container elementor-column-gap-default\">\n\t\t\t\t\t<div class=\"elementor-column elementor-col-100 elementor-top-column elementor-element elementor-element-3069cd7\" data-id=\"3069cd7\" data-element_type=\"column\">\n\t\t\t<div class=\"elementor-widget-wrap elementor-element-populated\">\n\t\t\t\t\t\t<div class=\"elementor-element elementor-element-6a0c518 elementor-widget elementor-widget-image\" data-id=\"6a0c518\" data-element_type=\"widget\" data-widget_type=\"image.default\">\n\t\t\t\t<div class=\"elementor-widget-container\">\n\t\t\t\t\t\t\t\t\t\t\t\t\t\t\t<img fetchpriority=\"high\" decoding=\"async\" width=\"1024\" height=\"991\" src=\"https:\/\/www.thodepohlai.com\/wp-content\/uploads\/2020\/09\/07_Work_Prime-Shoes-1024x991.png\" class=\"attachment-large size-large wp-image-2005\" alt=\"\" srcset=\"https:\/\/www.thodepohlai.com\/wp-content\/uploads\/2020\/09\/07_Work_Prime-Shoes-1024x991.png 1024w, https:\/\/www.thodepohlai.com\/wp-content\/uploads\/2020\/09\/07_Work_Prime-Shoes-300x290.png 300w, https:\/\/www.thodepohlai.com\/wp-content\/uploads\/2020\/09\/07_Work_Prime-Shoes-768x744.png 768w, https:\/\/www.thodepohlai.com\/wp-content\/uploads\/2020\/09\/07_Work_Prime-Shoes-1536x1487.png 1536w, https:\/\/www.thodepohlai.com\/wp-content\/uploads\/2020\/09\/07_Work_Prime-Shoes-2048x1983.png 2048w, https:\/\/www.thodepohlai.com\/wp-content\/uploads\/2020\/09\/07_Work_Prime-Shoes-24x24.png 24w, https:\/\/www.thodepohlai.com\/wp-content\/uploads\/2020\/09\/07_Work_Prime-Shoes-36x36.png 36w, https:\/\/www.thodepohlai.com\/wp-content\/uploads\/2020\/09\/07_Work_Prime-Shoes-48x46.png 48w\" sizes=\"(max-width: 1024px) 100vw, 1024px\" \/>\t\t\t\t\t\t\t\t\t\t\t\t\t\t\t<\/div>\n\t\t\t\t<\/div>\n\t\t\t\t<div class=\"elementor-element elementor-element-9115efa elementor-absolute elementor-widget__width-initial elementor-widget-tablet__width-initial elementor-widget-mobile__width-initial elementor-widget elementor-widget-text-editor\" data-id=\"9115efa\" data-element_type=\"widget\" data-settings=\"{&quot;_position&quot;:&quot;absolute&quot;}\" data-widget_type=\"text-editor.default\">\n\t\t\t\t<div class=\"elementor-widget-container\">\n\t\t\t\t\t\t\t\t\t<p style=\"text-align: right;\">Handwerkskunst und Design werden \u00a0au\u00dfergew\u00f6hnlich <br \/>miteinander vereint \u2013 und das zeitlos.<\/p>\t\t\t\t\t\t\t\t<\/div>\n\t\t\t\t<\/div>\n\t\t\t\t\t<\/div>\n\t\t<\/div>\n\t\t\t\t\t<\/div>\n\t\t<\/section>\n\t\t\t\t<section class=\"elementor-section elementor-top-section elementor-element elementor-element-a41225d elementor-section-boxed elementor-section-height-default elementor-section-height-default\" data-id=\"a41225d\" data-element_type=\"section\">\n\t\t\t\t\t\t<div class=\"elementor-container elementor-column-gap-default\">\n\t\t\t\t\t<div class=\"elementor-column elementor-col-100 elementor-top-column elementor-element elementor-element-bb0ec8a\" data-id=\"bb0ec8a\" data-element_type=\"column\">\n\t\t\t<div class=\"elementor-widget-wrap elementor-element-populated\">\n\t\t\t\t\t\t<div class=\"elementor-element elementor-element-ead1f66 elementor-widget elementor-widget-image\" data-id=\"ead1f66\" data-element_type=\"widget\" data-widget_type=\"image.default\">\n\t\t\t\t<div class=\"elementor-widget-container\">\n\t\t\t\t\t\t\t\t\t\t\t\t\t\t\t<img decoding=\"async\" width=\"1024\" height=\"724\" src=\"https:\/\/www.thodepohlai.com\/wp-content\/uploads\/2020\/09\/00_Flipbook_COVER-03_-1024x724.png\" class=\"attachment-large size-large wp-image-2000\" alt=\"\" srcset=\"https:\/\/www.thodepohlai.com\/wp-content\/uploads\/2020\/09\/00_Flipbook_COVER-03_-1024x724.png 1024w, https:\/\/www.thodepohlai.com\/wp-content\/uploads\/2020\/09\/00_Flipbook_COVER-03_-300x212.png 300w, https:\/\/www.thodepohlai.com\/wp-content\/uploads\/2020\/09\/00_Flipbook_COVER-03_-768x543.png 768w, https:\/\/www.thodepohlai.com\/wp-content\/uploads\/2020\/09\/00_Flipbook_COVER-03_-1536x1086.png 1536w, https:\/\/www.thodepohlai.com\/wp-content\/uploads\/2020\/09\/00_Flipbook_COVER-03_-2048x1448.png 2048w, https:\/\/www.thodepohlai.com\/wp-content\/uploads\/2020\/09\/00_Flipbook_COVER-03_-24x17.png 24w, https:\/\/www.thodepohlai.com\/wp-content\/uploads\/2020\/09\/00_Flipbook_COVER-03_-36x25.png 36w, https:\/\/www.thodepohlai.com\/wp-content\/uploads\/2020\/09\/00_Flipbook_COVER-03_-48x34.png 48w\" sizes=\"(max-width: 1024px) 100vw, 1024px\" \/>\t\t\t\t\t\t\t\t\t\t\t\t\t\t\t<\/div>\n\t\t\t\t<\/div>\n\t\t\t\t\t<\/div>\n\t\t<\/div>\n\t\t\t\t\t<\/div>\n\t\t<\/section>\n\t\t\t\t<section class=\"elementor-section elementor-top-section elementor-element elementor-element-8790b2f elementor-section-boxed elementor-section-height-default elementor-section-height-default\" data-id=\"8790b2f\" data-element_type=\"section\">\n\t\t\t\t\t\t<div class=\"elementor-container elementor-column-gap-default\">\n\t\t\t\t\t<div class=\"elementor-column elementor-col-100 elementor-top-column elementor-element elementor-element-2aac6cb\" data-id=\"2aac6cb\" data-element_type=\"column\">\n\t\t\t<div class=\"elementor-widget-wrap elementor-element-populated\">\n\t\t\t\t\t\t<div class=\"elementor-element elementor-element-11d3b4c elementor-widget elementor-widget-image\" data-id=\"11d3b4c\" data-element_type=\"widget\" data-widget_type=\"image.default\">\n\t\t\t\t<div class=\"elementor-widget-container\">\n\t\t\t\t\t\t\t\t\t\t\t\t\t\t\t<img decoding=\"async\" width=\"1024\" height=\"614\" src=\"https:\/\/www.thodepohlai.com\/wp-content\/uploads\/2020\/10\/07_Work_Prime-Shoes-1024x614.png\" class=\"attachment-large size-large wp-image-2102\" alt=\"\" srcset=\"https:\/\/www.thodepohlai.com\/wp-content\/uploads\/2020\/10\/07_Work_Prime-Shoes-1024x614.png 1024w, https:\/\/www.thodepohlai.com\/wp-content\/uploads\/2020\/10\/07_Work_Prime-Shoes-300x180.png 300w, https:\/\/www.thodepohlai.com\/wp-content\/uploads\/2020\/10\/07_Work_Prime-Shoes-768x461.png 768w, https:\/\/www.thodepohlai.com\/wp-content\/uploads\/2020\/10\/07_Work_Prime-Shoes-1536x921.png 1536w, https:\/\/www.thodepohlai.com\/wp-content\/uploads\/2020\/10\/07_Work_Prime-Shoes-2048x1229.png 2048w, https:\/\/www.thodepohlai.com\/wp-content\/uploads\/2020\/10\/07_Work_Prime-Shoes-24x14.png 24w, https:\/\/www.thodepohlai.com\/wp-content\/uploads\/2020\/10\/07_Work_Prime-Shoes-36x22.png 36w, https:\/\/www.thodepohlai.com\/wp-content\/uploads\/2020\/10\/07_Work_Prime-Shoes-48x29.png 48w\" sizes=\"(max-width: 1024px) 100vw, 1024px\" \/>\t\t\t\t\t\t\t\t\t\t\t\t\t\t\t<\/div>\n\t\t\t\t<\/div>\n\t\t\t\t\t<\/div>\n\t\t<\/div>\n\t\t\t\t\t<\/div>\n\t\t<\/section>\n\t\t\t\t<section class=\"elementor-section elementor-top-section elementor-element elementor-element-13ef357 elementor-section-boxed elementor-section-height-default elementor-section-height-default\" data-id=\"13ef357\" data-element_type=\"section\">\n\t\t\t\t\t\t<div class=\"elementor-container elementor-column-gap-default\">\n\t\t\t\t\t<div class=\"elementor-column elementor-col-100 elementor-top-column elementor-element elementor-element-f88e4f1\" data-id=\"f88e4f1\" data-element_type=\"column\">\n\t\t\t<div class=\"elementor-widget-wrap elementor-element-populated\">\n\t\t\t\t\t\t<div class=\"elementor-element elementor-element-637e121 elementor-widget elementor-widget-image\" data-id=\"637e121\" data-element_type=\"widget\" data-widget_type=\"image.default\">\n\t\t\t\t<div class=\"elementor-widget-container\">\n\t\t\t\t\t\t\t\t\t\t\t\t\t\t\t<img loading=\"lazy\" decoding=\"async\" width=\"1024\" height=\"614\" src=\"https:\/\/www.thodepohlai.com\/wp-content\/uploads\/2020\/09\/07_Work_Prime-Shoes3-1024x614.png\" class=\"attachment-large size-large wp-image-2006\" alt=\"\" srcset=\"https:\/\/www.thodepohlai.com\/wp-content\/uploads\/2020\/09\/07_Work_Prime-Shoes3-1024x614.png 1024w, https:\/\/www.thodepohlai.com\/wp-content\/uploads\/2020\/09\/07_Work_Prime-Shoes3-300x180.png 300w, https:\/\/www.thodepohlai.com\/wp-content\/uploads\/2020\/09\/07_Work_Prime-Shoes3-768x461.png 768w, https:\/\/www.thodepohlai.com\/wp-content\/uploads\/2020\/09\/07_Work_Prime-Shoes3-1536x921.png 1536w, https:\/\/www.thodepohlai.com\/wp-content\/uploads\/2020\/09\/07_Work_Prime-Shoes3-2048x1229.png 2048w, https:\/\/www.thodepohlai.com\/wp-content\/uploads\/2020\/09\/07_Work_Prime-Shoes3-24x14.png 24w, https:\/\/www.thodepohlai.com\/wp-content\/uploads\/2020\/09\/07_Work_Prime-Shoes3-36x22.png 36w, https:\/\/www.thodepohlai.com\/wp-content\/uploads\/2020\/09\/07_Work_Prime-Shoes3-48x29.png 48w\" sizes=\"(max-width: 1024px) 100vw, 1024px\" \/>\t\t\t\t\t\t\t\t\t\t\t\t\t\t\t<\/div>\n\t\t\t\t<\/div>\n\t\t\t\t\t<\/div>\n\t\t<\/div>\n\t\t\t\t\t<\/div>\n\t\t<\/section>\n\t\t\t\t<section class=\"elementor-section elementor-top-section elementor-element elementor-element-11515cb elementor-section-height-min-height elementor-section-boxed elementor-section-height-default elementor-section-items-middle\" data-id=\"11515cb\" data-element_type=\"section\">\n\t\t\t\t\t\t<div class=\"elementor-container elementor-column-gap-default\">\n\t\t\t\t\t<div class=\"elementor-column elementor-col-100 elementor-top-column elementor-element elementor-element-019f21a\" data-id=\"019f21a\" data-element_type=\"column\">\n\t\t\t<div class=\"elementor-widget-wrap elementor-element-populated\">\n\t\t\t\t\t\t<div class=\"elementor-element elementor-element-4eacc99 elementor-widget elementor-widget-image\" data-id=\"4eacc99\" data-element_type=\"widget\" data-widget_type=\"image.default\">\n\t\t\t\t<div class=\"elementor-widget-container\">\n\t\t\t\t\t\t\t\t\t\t\t\t\t\t\t<img loading=\"lazy\" decoding=\"async\" width=\"1024\" height=\"724\" src=\"https:\/\/www.thodepohlai.com\/wp-content\/uploads\/2020\/09\/00_Flipbook_COVER-1024x724.png\" class=\"attachment-large size-large wp-image-2001\" alt=\"\" srcset=\"https:\/\/www.thodepohlai.com\/wp-content\/uploads\/2020\/09\/00_Flipbook_COVER-1024x724.png 1024w, https:\/\/www.thodepohlai.com\/wp-content\/uploads\/2020\/09\/00_Flipbook_COVER-300x212.png 300w, https:\/\/www.thodepohlai.com\/wp-content\/uploads\/2020\/09\/00_Flipbook_COVER-768x543.png 768w, https:\/\/www.thodepohlai.com\/wp-content\/uploads\/2020\/09\/00_Flipbook_COVER-1536x1086.png 1536w, https:\/\/www.thodepohlai.com\/wp-content\/uploads\/2020\/09\/00_Flipbook_COVER-2048x1448.png 2048w, https:\/\/www.thodepohlai.com\/wp-content\/uploads\/2020\/09\/00_Flipbook_COVER-24x17.png 24w, https:\/\/www.thodepohlai.com\/wp-content\/uploads\/2020\/09\/00_Flipbook_COVER-36x25.png 36w, https:\/\/www.thodepohlai.com\/wp-content\/uploads\/2020\/09\/00_Flipbook_COVER-48x34.png 48w\" sizes=\"(max-width: 1024px) 100vw, 1024px\" \/>\t\t\t\t\t\t\t\t\t\t\t\t\t\t\t<\/div>\n\t\t\t\t<\/div>\n\t\t\t\t\t<\/div>\n\t\t<\/div>\n\t\t\t\t\t<\/div>\n\t\t<\/section>\n\t\t\t\t<section class=\"elementor-section elementor-top-section elementor-element elementor-element-db06a8d elementor-section-boxed elementor-section-height-default elementor-section-height-default\" data-id=\"db06a8d\" data-element_type=\"section\">\n\t\t\t\t\t\t<div class=\"elementor-container elementor-column-gap-default\">\n\t\t\t\t\t<div class=\"elementor-column elementor-col-100 elementor-top-column elementor-element elementor-element-aa9f52a\" data-id=\"aa9f52a\" data-element_type=\"column\">\n\t\t\t<div class=\"elementor-widget-wrap elementor-element-populated\">\n\t\t\t\t\t\t<div class=\"elementor-element elementor-element-b82ae04 elementor-absolute elementor-widget__width-initial elementor-widget-tablet__width-initial elementor-widget-mobile__width-inherit elementor-widget elementor-widget-text-editor\" data-id=\"b82ae04\" data-element_type=\"widget\" data-settings=\"{&quot;_position&quot;:&quot;absolute&quot;}\" data-widget_type=\"text-editor.default\">\n\t\t\t\t<div class=\"elementor-widget-container\">\n\t\t\t\t\t\t\t\t\t<p>Das gebundene Buch in einem handgen\u00e4hter Beutel mit gepr\u00e4gtem Lederetikett unterstreicht den Qualit\u00e4tsanspruch dieser Marke.<\/p>\t\t\t\t\t\t\t\t<\/div>\n\t\t\t\t<\/div>\n\t\t\t\t<div class=\"elementor-element elementor-element-833a533 elementor-widget elementor-widget-image\" data-id=\"833a533\" data-element_type=\"widget\" data-widget_type=\"image.default\">\n\t\t\t\t<div class=\"elementor-widget-container\">\n\t\t\t\t\t\t\t\t\t\t\t\t\t\t\t<img loading=\"lazy\" decoding=\"async\" width=\"1024\" height=\"735\" src=\"https:\/\/www.thodepohlai.com\/wp-content\/uploads\/2020\/09\/07_Work_Prime-Shoes2-1024x735.png\" class=\"attachment-large size-large wp-image-2004\" alt=\"\" srcset=\"https:\/\/www.thodepohlai.com\/wp-content\/uploads\/2020\/09\/07_Work_Prime-Shoes2-1024x735.png 1024w, https:\/\/www.thodepohlai.com\/wp-content\/uploads\/2020\/09\/07_Work_Prime-Shoes2-300x215.png 300w, https:\/\/www.thodepohlai.com\/wp-content\/uploads\/2020\/09\/07_Work_Prime-Shoes2-768x551.png 768w, https:\/\/www.thodepohlai.com\/wp-content\/uploads\/2020\/09\/07_Work_Prime-Shoes2-1536x1102.png 1536w, https:\/\/www.thodepohlai.com\/wp-content\/uploads\/2020\/09\/07_Work_Prime-Shoes2-2048x1470.png 2048w, https:\/\/www.thodepohlai.com\/wp-content\/uploads\/2020\/09\/07_Work_Prime-Shoes2-24x17.png 24w, https:\/\/www.thodepohlai.com\/wp-content\/uploads\/2020\/09\/07_Work_Prime-Shoes2-36x26.png 36w, https:\/\/www.thodepohlai.com\/wp-content\/uploads\/2020\/09\/07_Work_Prime-Shoes2-48x34.png 48w\" sizes=\"(max-width: 1024px) 100vw, 1024px\" \/>\t\t\t\t\t\t\t\t\t\t\t\t\t\t\t<\/div>\n\t\t\t\t<\/div>\n\t\t\t\t\t<\/div>\n\t\t<\/div>\n\t\t\t\t\t<\/div>\n\t\t<\/section>\n\t\t\t\t<section class=\"elementor-section elementor-top-section elementor-element elementor-element-2f3a2d6 elementor-section-boxed elementor-section-height-default elementor-section-height-default\" data-id=\"2f3a2d6\" data-element_type=\"section\">\n\t\t\t\t\t\t<div class=\"elementor-container elementor-column-gap-default\">\n\t\t\t\t\t<div class=\"elementor-column elementor-col-100 elementor-top-column elementor-element elementor-element-176adb1\" data-id=\"176adb1\" data-element_type=\"column\">\n\t\t\t<div class=\"elementor-widget-wrap elementor-element-populated\">\n\t\t\t\t\t\t<div class=\"elementor-element elementor-element-6c8f284 elementor-invisible elementor-widget elementor-widget-image\" data-id=\"6c8f284\" data-element_type=\"widget\" data-settings=\"{&quot;_animation&quot;:&quot;fadeInRight&quot;}\" data-widget_type=\"image.default\">\n\t\t\t\t<div class=\"elementor-widget-container\">\n\t\t\t\t\t\t\t\t\t\t\t\t<figure class=\"wp-caption\">\n\t\t\t\t\t\t\t\t\t\t\t<a href=\"https:\/\/primeshoes.thodepohlai.com\" target=\"_blank\">\n\t\t\t\t\t\t\t<img loading=\"lazy\" decoding=\"async\" width=\"1024\" height=\"725\" src=\"https:\/\/www.thodepohlai.com\/wp-content\/uploads\/2020\/11\/Buch_FLIPPBOOK-COVER_mit-Icon-1024x725.jpg\" class=\"attachment-large size-large wp-image-2159\" alt=\"\" srcset=\"https:\/\/www.thodepohlai.com\/wp-content\/uploads\/2020\/11\/Buch_FLIPPBOOK-COVER_mit-Icon-1024x725.jpg 1024w, https:\/\/www.thodepohlai.com\/wp-content\/uploads\/2020\/11\/Buch_FLIPPBOOK-COVER_mit-Icon-300x212.jpg 300w, https:\/\/www.thodepohlai.com\/wp-content\/uploads\/2020\/11\/Buch_FLIPPBOOK-COVER_mit-Icon-768x544.jpg 768w, https:\/\/www.thodepohlai.com\/wp-content\/uploads\/2020\/11\/Buch_FLIPPBOOK-COVER_mit-Icon-1536x1087.jpg 1536w, https:\/\/www.thodepohlai.com\/wp-content\/uploads\/2020\/11\/Buch_FLIPPBOOK-COVER_mit-Icon-2048x1450.jpg 2048w, https:\/\/www.thodepohlai.com\/wp-content\/uploads\/2020\/11\/Buch_FLIPPBOOK-COVER_mit-Icon-24x17.jpg 24w, https:\/\/www.thodepohlai.com\/wp-content\/uploads\/2020\/11\/Buch_FLIPPBOOK-COVER_mit-Icon-36x25.jpg 36w, https:\/\/www.thodepohlai.com\/wp-content\/uploads\/2020\/11\/Buch_FLIPPBOOK-COVER_mit-Icon-48x34.jpg 48w\" sizes=\"(max-width: 1024px) 100vw, 1024px\" \/>\t\t\t\t\t\t\t\t<\/a>\n\t\t\t\t\t\t\t\t\t\t\t<figcaption class=\"widget-image-caption wp-caption-text\">ebook prime shoes<\/figcaption>\n\t\t\t\t\t\t\t\t\t\t<\/figure>\n\t\t\t\t\t\t\t\t\t<\/div>\n\t\t\t\t<\/div>\n\t\t\t\t\t<\/div>\n\t\t<\/div>\n\t\t\t\t\t<\/div>\n\t\t<\/section>\n\t\t\t\t<section class=\"elementor-section elementor-top-section elementor-element elementor-element-c4ba59d elementor-section-height-min-height elementor-section-boxed elementor-section-height-default elementor-section-items-middle\" data-id=\"c4ba59d\" data-element_type=\"section\">\n\t\t\t\t\t\t<div class=\"elementor-container elementor-column-gap-default\">\n\t\t\t\t\t<div class=\"elementor-column elementor-col-100 elementor-top-column elementor-element elementor-element-7d075e1\" data-id=\"7d075e1\" data-element_type=\"column\">\n\t\t\t<div class=\"elementor-widget-wrap\">\n\t\t\t\t\t\t\t<\/div>\n\t\t<\/div>\n\t\t\t\t\t<\/div>\n\t\t<\/section>\n\t\t\t\t<\/div>\n\t\t<div class=\"clearfix\"><\/div>","protected":false},"excerpt":{"rendered":"<p>PRIME SHOES ADVERTISING Traditionelle Handwerkskunst, Innovation und ein hoher Anspruch an Qualit\u00e4t und Design. Daf\u00fcr steht PRIME SHOES und lebt diese Schuhkultur. In einem Imagebuch haben wir diese Philosophie der Marke ausdrucksstark in Szene gesetzt. Handwerkskunst und Design werden \u00a0au\u00dfergew\u00f6hnlich miteinander vereint \u2013 und das zeitlos. Das gebundene Buch in einem handgen\u00e4hter Beutel mit gepr\u00e4gtem [&hellip;]<\/p>\n","protected":false},"author":1,"featured_media":0,"parent":0,"menu_order":0,"comment_status":"closed","ping_status":"closed","template":"","meta":{"inline_featured_image":false,"footnotes":""},"class_list":["post-1996","page","type-page","status-publish","hentry"],"_links":{"self":[{"href":"https:\/\/www.thodepohlai.com\/index.php\/wp-json\/wp\/v2\/pages\/1996"}],"collection":[{"href":"https:\/\/www.thodepohlai.com\/index.php\/wp-json\/wp\/v2\/pages"}],"about":[{"href":"https:\/\/www.thodepohlai.com\/index.php\/wp-json\/wp\/v2\/types\/page"}],"author":[{"embeddable":true,"href":"https:\/\/www.thodepohlai.com\/index.php\/wp-json\/wp\/v2\/users\/1"}],"replies":[{"embeddable":true,"href":"https:\/\/www.thodepohlai.com\/index.php\/wp-json\/wp\/v2\/comments?post=1996"}],"version-history":[{"count":3,"href":"https:\/\/www.thodepohlai.com\/index.php\/wp-json\/wp\/v2\/pages\/1996\/revisions"}],"predecessor-version":[{"id":4119,"href":"https:\/\/www.thodepohlai.com\/index.php\/wp-json\/wp\/v2\/pages\/1996\/revisions\/4119"}],"wp:attachment":[{"href":"https:\/\/www.thodepohlai.com\/index.php\/wp-json\/wp\/v2\/media?parent=1996"}],"curies":[{"name":"wp","href":"https:\/\/api.w.org\/{rel}","templated":true}]}}