{"id":3118,"date":"2023-04-06T13:37:33","date_gmt":"2023-04-06T11:37:33","guid":{"rendered":"https:\/\/www.thodepohlai.com\/?page_id=3118"},"modified":"2024-03-15T16:43:03","modified_gmt":"2024-03-15T15:43:03","slug":"beppler","status":"publish","type":"page","link":"https:\/\/www.thodepohlai.com\/index.php\/beppler\/","title":{"rendered":"BEPPLER"},"content":{"rendered":"\t\t<div data-elementor-type=\"wp-page\" data-elementor-id=\"3118\" class=\"elementor elementor-3118\">\n\t\t\t\t\t\t<section class=\"elementor-section elementor-top-section elementor-element elementor-element-bf6ee44 elementor-section-full_width elementor-section-height-default elementor-section-height-default\" data-id=\"bf6ee44\" data-element_type=\"section\">\n\t\t\t\t\t\t<div class=\"elementor-container elementor-column-gap-default\">\n\t\t\t\t\t<div class=\"elementor-column elementor-col-50 elementor-top-column elementor-element elementor-element-adf137b\" data-id=\"adf137b\" data-element_type=\"column\">\n\t\t\t<div class=\"elementor-widget-wrap elementor-element-populated\">\n\t\t\t\t\t\t<div class=\"elementor-element elementor-element-f2ed168 elementor-widget elementor-widget-heading\" data-id=\"f2ed168\" data-element_type=\"widget\" data-widget_type=\"heading.default\">\n\t\t\t\t<div class=\"elementor-widget-container\">\n\t\t\t\t\t<h2 class=\"elementor-heading-title elementor-size-default\">MODEHAUS BEPPLER<\/h2>\t\t\t\t<\/div>\n\t\t\t\t<\/div>\n\t\t\t\t<div class=\"elementor-element elementor-element-eda33ed elementor-widget elementor-widget-text-editor\" data-id=\"eda33ed\" data-element_type=\"widget\" data-widget_type=\"text-editor.default\">\n\t\t\t\t<div class=\"elementor-widget-container\">\n\t\t\t\t\t\t\t\t\t<p>ADVERTISING<\/p>\t\t\t\t\t\t\t\t<\/div>\n\t\t\t\t<\/div>\n\t\t\t\t\t<\/div>\n\t\t<\/div>\n\t\t\t\t<div class=\"elementor-column elementor-col-50 elementor-top-column elementor-element elementor-element-119f680\" data-id=\"119f680\" data-element_type=\"column\">\n\t\t\t<div class=\"elementor-widget-wrap elementor-element-populated\">\n\t\t\t\t\t\t<div class=\"elementor-element elementor-element-36af4f1 elementor-widget elementor-widget-text-editor\" data-id=\"36af4f1\" data-element_type=\"widget\" data-widget_type=\"text-editor.default\">\n\t\t\t\t<div class=\"elementor-widget-container\">\n\t\t\t\t\t\t\t\t\t<p>Das Familienunternehmen mit einem Haus f\u00fcr Damen-, Herrenmode, einem Haus f\u00fcr diverse Sportarten und einem Schuhhaus in Langg\u00f6ns und Wetzlar stellt die Menschen und die Bed\u00fcrfnisse der Region in den Fokus der Aktivit\u00e4ten. Mode f\u00fcr die ganze Familie steht im Vordergrund. Die Auswahl an Marken ist so vielf\u00e4ltig wie die Kunden selbst. So ist es uns ein Anliegen alle diese Zielgruppen \u00fcber die unterschiedlichsten Kan\u00e4le zu erreichen und die Pers\u00f6nlichkeit dieses Unternehmens positiv in den K\u00f6pfen zu verankern. Von der Konzeption &amp; Entwicklung der neuen Website, \u00fcber Konzeption diverser Werbeanst\u00f6\u00dfe \u00fcber Social Media oder als Printprodukt.\u00a0<\/p>\t\t\t\t\t\t\t\t<\/div>\n\t\t\t\t<\/div>\n\t\t\t\t\t<\/div>\n\t\t<\/div>\n\t\t\t\t\t<\/div>\n\t\t<\/section>\n\t\t\t\t<section class=\"elementor-section elementor-top-section elementor-element elementor-element-cf4b7c9 elementor-section-boxed elementor-section-height-default elementor-section-height-default\" data-id=\"cf4b7c9\" data-element_type=\"section\">\n\t\t\t\t\t\t<div class=\"elementor-container elementor-column-gap-default\">\n\t\t\t\t\t<div class=\"elementor-column elementor-col-100 elementor-top-column elementor-element elementor-element-155999b\" data-id=\"155999b\" data-element_type=\"column\">\n\t\t\t<div class=\"elementor-widget-wrap elementor-element-populated\">\n\t\t\t\t\t\t<div class=\"elementor-element elementor-element-dfc6872 elementor-absolute elementor-widget elementor-widget-heading\" data-id=\"dfc6872\" data-element_type=\"widget\" data-settings=\"{&quot;_position&quot;:&quot;absolute&quot;}\" data-widget_type=\"heading.default\">\n\t\t\t\t<div class=\"elementor-widget-container\">\n\t\t\t\t\t<div class=\"elementor-heading-title elementor-size-small\">WEBSITE<\/div>\t\t\t\t<\/div>\n\t\t\t\t<\/div>\n\t\t\t\t<div class=\"elementor-element elementor-element-cb0bdf8 elementor-widget elementor-widget-image\" data-id=\"cb0bdf8\" data-element_type=\"widget\" data-widget_type=\"image.default\">\n\t\t\t\t<div class=\"elementor-widget-container\">\n\t\t\t\t\t\t\t\t\t\t\t\t\t\t\t\t<a href=\"https:\/\/www.beppler-mode.de\" target=\"_blank\">\n\t\t\t\t\t\t\t<img fetchpriority=\"high\" decoding=\"async\" width=\"1100\" height=\"1329\" src=\"https:\/\/www.thodepohlai.com\/wp-content\/uploads\/2024\/03\/26_Work_BEPPLER_2403152-1.png\" class=\"attachment-full size-full wp-image-3849\" alt=\"\" srcset=\"https:\/\/www.thodepohlai.com\/wp-content\/uploads\/2024\/03\/26_Work_BEPPLER_2403152-1.png 1100w, https:\/\/www.thodepohlai.com\/wp-content\/uploads\/2024\/03\/26_Work_BEPPLER_2403152-1-248x300.png 248w, https:\/\/www.thodepohlai.com\/wp-content\/uploads\/2024\/03\/26_Work_BEPPLER_2403152-1-848x1024.png 848w, https:\/\/www.thodepohlai.com\/wp-content\/uploads\/2024\/03\/26_Work_BEPPLER_2403152-1-768x928.png 768w, https:\/\/www.thodepohlai.com\/wp-content\/uploads\/2024\/03\/26_Work_BEPPLER_2403152-1-20x24.png 20w, https:\/\/www.thodepohlai.com\/wp-content\/uploads\/2024\/03\/26_Work_BEPPLER_2403152-1-30x36.png 30w, https:\/\/www.thodepohlai.com\/wp-content\/uploads\/2024\/03\/26_Work_BEPPLER_2403152-1-40x48.png 40w\" sizes=\"(max-width: 1100px) 100vw, 1100px\" \/>\t\t\t\t\t\t\t\t<\/a>\n\t\t\t\t\t\t\t\t\t\t\t\t\t\t\t<\/div>\n\t\t\t\t<\/div>\n\t\t\t\t\t<\/div>\n\t\t<\/div>\n\t\t\t\t\t<\/div>\n\t\t<\/section>\n\t\t\t\t<section class=\"elementor-section elementor-top-section elementor-element elementor-element-765e5fb elementor-section-boxed elementor-section-height-default elementor-section-height-default\" data-id=\"765e5fb\" data-element_type=\"section\">\n\t\t\t\t\t\t<div class=\"elementor-container elementor-column-gap-default\">\n\t\t\t\t\t<div class=\"elementor-column elementor-col-100 elementor-top-column elementor-element elementor-element-86cc1e6\" data-id=\"86cc1e6\" data-element_type=\"column\">\n\t\t\t<div class=\"elementor-widget-wrap elementor-element-populated\">\n\t\t\t\t\t\t<div class=\"elementor-element elementor-element-ef18658 elementor-widget elementor-widget-image\" data-id=\"ef18658\" data-element_type=\"widget\" data-widget_type=\"image.default\">\n\t\t\t\t<div class=\"elementor-widget-container\">\n\t\t\t\t\t\t\t\t\t\t\t\t\t\t\t<img decoding=\"async\" width=\"916\" height=\"1024\" src=\"https:\/\/www.thodepohlai.com\/wp-content\/uploads\/2024\/03\/26_Work_BEPPLER_2403153-1-916x1024.png\" class=\"attachment-large size-large wp-image-3850\" alt=\"\" srcset=\"https:\/\/www.thodepohlai.com\/wp-content\/uploads\/2024\/03\/26_Work_BEPPLER_2403153-1-916x1024.png 916w, https:\/\/www.thodepohlai.com\/wp-content\/uploads\/2024\/03\/26_Work_BEPPLER_2403153-1-268x300.png 268w, https:\/\/www.thodepohlai.com\/wp-content\/uploads\/2024\/03\/26_Work_BEPPLER_2403153-1-768x859.png 768w, https:\/\/www.thodepohlai.com\/wp-content\/uploads\/2024\/03\/26_Work_BEPPLER_2403153-1-21x24.png 21w, https:\/\/www.thodepohlai.com\/wp-content\/uploads\/2024\/03\/26_Work_BEPPLER_2403153-1-32x36.png 32w, https:\/\/www.thodepohlai.com\/wp-content\/uploads\/2024\/03\/26_Work_BEPPLER_2403153-1-43x48.png 43w, https:\/\/www.thodepohlai.com\/wp-content\/uploads\/2024\/03\/26_Work_BEPPLER_2403153-1.png 1100w\" sizes=\"(max-width: 916px) 100vw, 916px\" \/>\t\t\t\t\t\t\t\t\t\t\t\t\t\t\t<\/div>\n\t\t\t\t<\/div>\n\t\t\t\t\t<\/div>\n\t\t<\/div>\n\t\t\t\t\t<\/div>\n\t\t<\/section>\n\t\t\t\t<section class=\"elementor-section elementor-top-section elementor-element elementor-element-68db0e1 elementor-section-boxed elementor-section-height-default elementor-section-height-default\" data-id=\"68db0e1\" data-element_type=\"section\">\n\t\t\t\t\t\t<div class=\"elementor-container elementor-column-gap-default\">\n\t\t\t\t\t<div class=\"elementor-column elementor-col-100 elementor-top-column elementor-element elementor-element-f00faa9\" data-id=\"f00faa9\" data-element_type=\"column\">\n\t\t\t<div class=\"elementor-widget-wrap elementor-element-populated\">\n\t\t\t\t\t\t<div class=\"elementor-element elementor-element-71b42df elementor-absolute elementor-widget elementor-widget-heading\" data-id=\"71b42df\" data-element_type=\"widget\" data-settings=\"{&quot;_position&quot;:&quot;absolute&quot;}\" data-widget_type=\"heading.default\">\n\t\t\t\t<div class=\"elementor-widget-container\">\n\t\t\t\t\t<div class=\"elementor-heading-title elementor-size-small\">NEWSLETTER<\/div>\t\t\t\t<\/div>\n\t\t\t\t<\/div>\n\t\t\t\t<div class=\"elementor-element elementor-element-b68dd14 elementor-widget elementor-widget-image\" data-id=\"b68dd14\" data-element_type=\"widget\" data-widget_type=\"image.default\">\n\t\t\t\t<div class=\"elementor-widget-container\">\n\t\t\t\t\t\t\t\t\t\t\t\t\t\t\t<img decoding=\"async\" width=\"1024\" height=\"957\" src=\"https:\/\/www.thodepohlai.com\/wp-content\/uploads\/2024\/03\/26_Work_BEPPLER_2403154-1-1024x957.png\" class=\"attachment-large size-large wp-image-3851\" alt=\"\" srcset=\"https:\/\/www.thodepohlai.com\/wp-content\/uploads\/2024\/03\/26_Work_BEPPLER_2403154-1-1024x957.png 1024w, https:\/\/www.thodepohlai.com\/wp-content\/uploads\/2024\/03\/26_Work_BEPPLER_2403154-1-300x280.png 300w, https:\/\/www.thodepohlai.com\/wp-content\/uploads\/2024\/03\/26_Work_BEPPLER_2403154-1-768x718.png 768w, https:\/\/www.thodepohlai.com\/wp-content\/uploads\/2024\/03\/26_Work_BEPPLER_2403154-1-24x22.png 24w, https:\/\/www.thodepohlai.com\/wp-content\/uploads\/2024\/03\/26_Work_BEPPLER_2403154-1-36x34.png 36w, https:\/\/www.thodepohlai.com\/wp-content\/uploads\/2024\/03\/26_Work_BEPPLER_2403154-1-48x45.png 48w, https:\/\/www.thodepohlai.com\/wp-content\/uploads\/2024\/03\/26_Work_BEPPLER_2403154-1.png 1100w\" sizes=\"(max-width: 1024px) 100vw, 1024px\" \/>\t\t\t\t\t\t\t\t\t\t\t\t\t\t\t<\/div>\n\t\t\t\t<\/div>\n\t\t\t\t\t<\/div>\n\t\t<\/div>\n\t\t\t\t\t<\/div>\n\t\t<\/section>\n\t\t\t\t<section class=\"elementor-section elementor-top-section elementor-element elementor-element-16cbf28 elementor-section-boxed elementor-section-height-default elementor-section-height-default\" data-id=\"16cbf28\" data-element_type=\"section\">\n\t\t\t\t\t\t<div class=\"elementor-container elementor-column-gap-default\">\n\t\t\t\t\t<div class=\"elementor-column elementor-col-100 elementor-top-column elementor-element elementor-element-5aa996f\" data-id=\"5aa996f\" data-element_type=\"column\">\n\t\t\t<div class=\"elementor-widget-wrap elementor-element-populated\">\n\t\t\t\t\t\t<div class=\"elementor-element elementor-element-8444a20 elementor-absolute elementor-widget elementor-widget-heading\" data-id=\"8444a20\" data-element_type=\"widget\" data-settings=\"{&quot;_position&quot;:&quot;absolute&quot;}\" data-widget_type=\"heading.default\">\n\t\t\t\t<div class=\"elementor-widget-container\">\n\t\t\t\t\t<div class=\"elementor-heading-title elementor-size-small\">SOCIAL MEDIA<\/div>\t\t\t\t<\/div>\n\t\t\t\t<\/div>\n\t\t\t\t<div class=\"elementor-element elementor-element-a419556 elementor-widget elementor-widget-image\" data-id=\"a419556\" data-element_type=\"widget\" data-widget_type=\"image.default\">\n\t\t\t\t<div class=\"elementor-widget-container\">\n\t\t\t\t\t\t\t\t\t\t\t\t\t\t\t<img loading=\"lazy\" decoding=\"async\" width=\"910\" height=\"1024\" src=\"https:\/\/www.thodepohlai.com\/wp-content\/uploads\/2024\/03\/26_Work_BEPPLER_2403155-1-910x1024.png\" class=\"attachment-large size-large wp-image-3852\" alt=\"\" srcset=\"https:\/\/www.thodepohlai.com\/wp-content\/uploads\/2024\/03\/26_Work_BEPPLER_2403155-1-910x1024.png 910w, https:\/\/www.thodepohlai.com\/wp-content\/uploads\/2024\/03\/26_Work_BEPPLER_2403155-1-267x300.png 267w, https:\/\/www.thodepohlai.com\/wp-content\/uploads\/2024\/03\/26_Work_BEPPLER_2403155-1-768x864.png 768w, https:\/\/www.thodepohlai.com\/wp-content\/uploads\/2024\/03\/26_Work_BEPPLER_2403155-1-21x24.png 21w, https:\/\/www.thodepohlai.com\/wp-content\/uploads\/2024\/03\/26_Work_BEPPLER_2403155-1-32x36.png 32w, https:\/\/www.thodepohlai.com\/wp-content\/uploads\/2024\/03\/26_Work_BEPPLER_2403155-1-43x48.png 43w, https:\/\/www.thodepohlai.com\/wp-content\/uploads\/2024\/03\/26_Work_BEPPLER_2403155-1.png 1100w\" sizes=\"(max-width: 910px) 100vw, 910px\" \/>\t\t\t\t\t\t\t\t\t\t\t\t\t\t\t<\/div>\n\t\t\t\t<\/div>\n\t\t\t\t\t<\/div>\n\t\t<\/div>\n\t\t\t\t\t<\/div>\n\t\t<\/section>\n\t\t\t\t<section class=\"elementor-section elementor-top-section elementor-element elementor-element-bd46188 elementor-section-height-min-height elementor-section-boxed elementor-section-height-default elementor-section-items-middle\" data-id=\"bd46188\" data-element_type=\"section\">\n\t\t\t\t\t\t<div class=\"elementor-container elementor-column-gap-default\">\n\t\t\t\t\t<div class=\"elementor-column elementor-col-100 elementor-top-column elementor-element elementor-element-fcd58e9\" data-id=\"fcd58e9\" data-element_type=\"column\">\n\t\t\t<div class=\"elementor-widget-wrap\">\n\t\t\t\t\t\t\t<\/div>\n\t\t<\/div>\n\t\t\t\t\t<\/div>\n\t\t<\/section>\n\t\t\t\t<\/div>\n\t\t<div class=\"clearfix\"><\/div>","protected":false},"excerpt":{"rendered":"<p>MODEHAUS BEPPLER ADVERTISING Das Familienunternehmen mit einem Haus f\u00fcr Damen-, Herrenmode, einem Haus f\u00fcr diverse Sportarten und einem Schuhhaus in Langg\u00f6ns und Wetzlar stellt die Menschen und die Bed\u00fcrfnisse der Region in den Fokus der Aktivit\u00e4ten. Mode f\u00fcr die ganze Familie steht im Vordergrund. Die Auswahl an Marken ist so vielf\u00e4ltig wie die Kunden selbst. [&hellip;]<\/p>\n","protected":false},"author":1,"featured_media":0,"parent":0,"menu_order":0,"comment_status":"closed","ping_status":"closed","template":"","meta":{"inline_featured_image":false,"footnotes":""},"class_list":["post-3118","page","type-page","status-publish","hentry"],"_links":{"self":[{"href":"https:\/\/www.thodepohlai.com\/index.php\/wp-json\/wp\/v2\/pages\/3118"}],"collection":[{"href":"https:\/\/www.thodepohlai.com\/index.php\/wp-json\/wp\/v2\/pages"}],"about":[{"href":"https:\/\/www.thodepohlai.com\/index.php\/wp-json\/wp\/v2\/types\/page"}],"author":[{"embeddable":true,"href":"https:\/\/www.thodepohlai.com\/index.php\/wp-json\/wp\/v2\/users\/1"}],"replies":[{"embeddable":true,"href":"https:\/\/www.thodepohlai.com\/index.php\/wp-json\/wp\/v2\/comments?post=3118"}],"version-history":[{"count":200,"href":"https:\/\/www.thodepohlai.com\/index.php\/wp-json\/wp\/v2\/pages\/3118\/revisions"}],"predecessor-version":[{"id":3865,"href":"https:\/\/www.thodepohlai.com\/index.php\/wp-json\/wp\/v2\/pages\/3118\/revisions\/3865"}],"wp:attachment":[{"href":"https:\/\/www.thodepohlai.com\/index.php\/wp-json\/wp\/v2\/media?parent=3118"}],"curies":[{"name":"wp","href":"https:\/\/api.w.org\/{rel}","templated":true}]}}