{"id":4184,"date":"2026-02-11T13:48:07","date_gmt":"2026-02-11T12:48:07","guid":{"rendered":"https:\/\/www.thodepohlai.com\/?page_id=4184"},"modified":"2026-02-11T15:34:38","modified_gmt":"2026-02-11T14:34:38","slug":"rene-lezard","status":"publish","type":"page","link":"https:\/\/www.thodepohlai.com\/index.php\/rene-lezard\/","title":{"rendered":"REN\u00c9 LEZARD"},"content":{"rendered":"\t\t<div data-elementor-type=\"wp-page\" data-elementor-id=\"4184\" class=\"elementor elementor-4184\">\n\t\t\t\t\t\t<section class=\"elementor-section elementor-top-section elementor-element elementor-element-bf6ee44 elementor-section-full_width elementor-section-height-default elementor-section-height-default\" data-id=\"bf6ee44\" data-element_type=\"section\">\n\t\t\t\t\t\t<div class=\"elementor-container elementor-column-gap-default\">\n\t\t\t\t\t<div class=\"elementor-column elementor-col-50 elementor-top-column elementor-element elementor-element-adf137b\" data-id=\"adf137b\" data-element_type=\"column\">\n\t\t\t<div class=\"elementor-widget-wrap elementor-element-populated\">\n\t\t\t\t\t\t<div class=\"elementor-element elementor-element-f6b5389 elementor-widget elementor-widget-heading\" data-id=\"f6b5389\" data-element_type=\"widget\" data-widget_type=\"heading.default\">\n\t\t\t\t<div class=\"elementor-widget-container\">\n\t\t\t\t\t<h2 class=\"elementor-heading-title elementor-size-default\">REN\u00c9 LEZARD<\/h2>\t\t\t\t<\/div>\n\t\t\t\t<\/div>\n\t\t\t\t<div class=\"elementor-element elementor-element-eda33ed elementor-widget elementor-widget-text-editor\" data-id=\"eda33ed\" data-element_type=\"widget\" data-widget_type=\"text-editor.default\">\n\t\t\t\t<div class=\"elementor-widget-container\">\n\t\t\t\t\t\t\t\t\t<p>ADVERTISING<\/p>\t\t\t\t\t\t\t\t<\/div>\n\t\t\t\t<\/div>\n\t\t\t\t\t<\/div>\n\t\t<\/div>\n\t\t\t\t<div class=\"elementor-column elementor-col-50 elementor-top-column elementor-element elementor-element-119f680\" data-id=\"119f680\" data-element_type=\"column\">\n\t\t\t<div class=\"elementor-widget-wrap elementor-element-populated\">\n\t\t\t\t\t\t<div class=\"elementor-element elementor-element-36af4f1 elementor-widget elementor-widget-text-editor\" data-id=\"36af4f1\" data-element_type=\"widget\" data-widget_type=\"text-editor.default\">\n\t\t\t\t<div class=\"elementor-widget-container\">\n\t\t\t\t\t\t\t\t\t<p style=\"font-weight: 400;\">Ren\u00e9 Lezard steht seit jeher f\u00fcr Designtradition, h\u00f6chste Qualit\u00e4t und zeitlose Eleganz. Besonders in der Herrenmode hat sich die Marke mit klaren Linien, edlen Materialien und einem unverwechselbar stilvollen Anspruch einen festen Platz im Premiumsegment gesichert. Ren\u00e9 Lezard verbindet klassische Werte mit modernem Selbstbewusstsein \u2013 und setzt auch in Zukunft konsequent auf anspruchsvolle Mode mit Charakter.<\/p><p class=\"text-small\">\u00a0<\/p>\t\t\t\t\t\t\t\t<\/div>\n\t\t\t\t<\/div>\n\t\t\t\t\t<\/div>\n\t\t<\/div>\n\t\t\t\t\t<\/div>\n\t\t<\/section>\n\t\t\t\t<section class=\"elementor-section elementor-top-section elementor-element elementor-element-11515cb elementor-section-height-min-height elementor-section-boxed elementor-section-height-default elementor-section-items-middle\" data-id=\"11515cb\" data-element_type=\"section\">\n\t\t\t\t\t\t<div class=\"elementor-container elementor-column-gap-default\">\n\t\t\t\t\t<div class=\"elementor-column elementor-col-100 elementor-top-column elementor-element elementor-element-019f21a\" data-id=\"019f21a\" data-element_type=\"column\">\n\t\t\t<div class=\"elementor-widget-wrap elementor-element-populated\">\n\t\t\t\t\t\t<div class=\"elementor-element elementor-element-99fa369 elementor-widget elementor-widget-image\" data-id=\"99fa369\" data-element_type=\"widget\" data-widget_type=\"image.default\">\n\t\t\t\t<div class=\"elementor-widget-container\">\n\t\t\t\t\t\t\t\t\t\t\t\t\t\t\t<img fetchpriority=\"high\" decoding=\"async\" width=\"1024\" height=\"880\" src=\"https:\/\/www.thodepohlai.com\/wp-content\/uploads\/2026\/02\/32_Work_FT_Renez-Lezard-1024x880.png\" class=\"attachment-large size-large wp-image-4185\" alt=\"\" srcset=\"https:\/\/www.thodepohlai.com\/wp-content\/uploads\/2026\/02\/32_Work_FT_Renez-Lezard-1024x880.png 1024w, https:\/\/www.thodepohlai.com\/wp-content\/uploads\/2026\/02\/32_Work_FT_Renez-Lezard-300x258.png 300w, https:\/\/www.thodepohlai.com\/wp-content\/uploads\/2026\/02\/32_Work_FT_Renez-Lezard-768x660.png 768w, https:\/\/www.thodepohlai.com\/wp-content\/uploads\/2026\/02\/32_Work_FT_Renez-Lezard-24x21.png 24w, https:\/\/www.thodepohlai.com\/wp-content\/uploads\/2026\/02\/32_Work_FT_Renez-Lezard-36x31.png 36w, https:\/\/www.thodepohlai.com\/wp-content\/uploads\/2026\/02\/32_Work_FT_Renez-Lezard-48x41.png 48w, https:\/\/www.thodepohlai.com\/wp-content\/uploads\/2026\/02\/32_Work_FT_Renez-Lezard.png 1100w\" sizes=\"(max-width: 1024px) 100vw, 1024px\" \/>\t\t\t\t\t\t\t\t\t\t\t\t\t\t\t<\/div>\n\t\t\t\t<\/div>\n\t\t\t\t\t<\/div>\n\t\t<\/div>\n\t\t\t\t\t<\/div>\n\t\t<\/section>\n\t\t\t\t<section class=\"elementor-section elementor-top-section elementor-element elementor-element-c43cecc elementor-section-boxed elementor-section-height-default elementor-section-height-default\" data-id=\"c43cecc\" data-element_type=\"section\">\n\t\t\t\t\t\t<div class=\"elementor-container elementor-column-gap-default\">\n\t\t\t\t\t<div class=\"elementor-column elementor-col-100 elementor-top-column elementor-element elementor-element-ac32638\" data-id=\"ac32638\" data-element_type=\"column\">\n\t\t\t<div class=\"elementor-widget-wrap\">\n\t\t\t\t\t\t\t<\/div>\n\t\t<\/div>\n\t\t\t\t\t<\/div>\n\t\t<\/section>\n\t\t\t\t<section class=\"elementor-section elementor-top-section elementor-element elementor-element-780e34d elementor-section-boxed elementor-section-height-default elementor-section-height-default\" data-id=\"780e34d\" data-element_type=\"section\">\n\t\t\t\t\t\t<div class=\"elementor-container elementor-column-gap-default\">\n\t\t\t\t\t<div class=\"elementor-column elementor-col-100 elementor-top-column elementor-element elementor-element-b907e6b\" data-id=\"b907e6b\" data-element_type=\"column\">\n\t\t\t<div class=\"elementor-widget-wrap elementor-element-populated\">\n\t\t\t\t\t\t<div class=\"elementor-element elementor-element-5be5ec1 elementor-widget elementor-widget-image\" data-id=\"5be5ec1\" data-element_type=\"widget\" data-widget_type=\"image.default\">\n\t\t\t\t<div class=\"elementor-widget-container\">\n\t\t\t\t\t\t\t\t\t\t\t\t\t\t\t<img decoding=\"async\" width=\"1024\" height=\"757\" src=\"https:\/\/www.thodepohlai.com\/wp-content\/uploads\/2026\/02\/32_Work_FT_Renez-Lezard2-1024x757.png\" class=\"attachment-large size-large wp-image-4186\" alt=\"\" srcset=\"https:\/\/www.thodepohlai.com\/wp-content\/uploads\/2026\/02\/32_Work_FT_Renez-Lezard2-1024x757.png 1024w, https:\/\/www.thodepohlai.com\/wp-content\/uploads\/2026\/02\/32_Work_FT_Renez-Lezard2-300x222.png 300w, https:\/\/www.thodepohlai.com\/wp-content\/uploads\/2026\/02\/32_Work_FT_Renez-Lezard2-768x568.png 768w, https:\/\/www.thodepohlai.com\/wp-content\/uploads\/2026\/02\/32_Work_FT_Renez-Lezard2-24x18.png 24w, https:\/\/www.thodepohlai.com\/wp-content\/uploads\/2026\/02\/32_Work_FT_Renez-Lezard2-36x27.png 36w, https:\/\/www.thodepohlai.com\/wp-content\/uploads\/2026\/02\/32_Work_FT_Renez-Lezard2-48x35.png 48w, https:\/\/www.thodepohlai.com\/wp-content\/uploads\/2026\/02\/32_Work_FT_Renez-Lezard2.png 1100w\" sizes=\"(max-width: 1024px) 100vw, 1024px\" \/>\t\t\t\t\t\t\t\t\t\t\t\t\t\t\t<\/div>\n\t\t\t\t<\/div>\n\t\t\t\t\t<\/div>\n\t\t<\/div>\n\t\t\t\t\t<\/div>\n\t\t<\/section>\n\t\t\t\t<section class=\"elementor-section elementor-top-section elementor-element elementor-element-e2a4f6b elementor-section-boxed elementor-section-height-default elementor-section-height-default\" data-id=\"e2a4f6b\" data-element_type=\"section\">\n\t\t\t\t\t\t<div class=\"elementor-container elementor-column-gap-default\">\n\t\t\t\t\t<div class=\"elementor-column elementor-col-100 elementor-top-column elementor-element elementor-element-51dcab0\" data-id=\"51dcab0\" data-element_type=\"column\">\n\t\t\t<div class=\"elementor-widget-wrap elementor-element-populated\">\n\t\t\t\t\t\t<div class=\"elementor-element elementor-element-ebf9e4c elementor-widget elementor-widget-image\" data-id=\"ebf9e4c\" data-element_type=\"widget\" data-widget_type=\"image.default\">\n\t\t\t\t<div class=\"elementor-widget-container\">\n\t\t\t\t\t\t\t\t\t\t\t\t\t\t\t<img decoding=\"async\" width=\"1024\" height=\"928\" src=\"https:\/\/www.thodepohlai.com\/wp-content\/uploads\/2026\/02\/32_Work_FT_Renez-Lezard3-1024x928.png\" class=\"attachment-large size-large wp-image-4187\" alt=\"\" srcset=\"https:\/\/www.thodepohlai.com\/wp-content\/uploads\/2026\/02\/32_Work_FT_Renez-Lezard3-1024x928.png 1024w, https:\/\/www.thodepohlai.com\/wp-content\/uploads\/2026\/02\/32_Work_FT_Renez-Lezard3-300x272.png 300w, https:\/\/www.thodepohlai.com\/wp-content\/uploads\/2026\/02\/32_Work_FT_Renez-Lezard3-768x696.png 768w, https:\/\/www.thodepohlai.com\/wp-content\/uploads\/2026\/02\/32_Work_FT_Renez-Lezard3-24x22.png 24w, https:\/\/www.thodepohlai.com\/wp-content\/uploads\/2026\/02\/32_Work_FT_Renez-Lezard3-36x33.png 36w, https:\/\/www.thodepohlai.com\/wp-content\/uploads\/2026\/02\/32_Work_FT_Renez-Lezard3-48x44.png 48w, https:\/\/www.thodepohlai.com\/wp-content\/uploads\/2026\/02\/32_Work_FT_Renez-Lezard3.png 1100w\" sizes=\"(max-width: 1024px) 100vw, 1024px\" \/>\t\t\t\t\t\t\t\t\t\t\t\t\t\t\t<\/div>\n\t\t\t\t<\/div>\n\t\t\t\t\t<\/div>\n\t\t<\/div>\n\t\t\t\t\t<\/div>\n\t\t<\/section>\n\t\t\t\t<section class=\"elementor-section elementor-top-section elementor-element elementor-element-31c8968 elementor-section-boxed elementor-section-height-default elementor-section-height-default\" data-id=\"31c8968\" data-element_type=\"section\">\n\t\t\t\t\t\t<div class=\"elementor-container elementor-column-gap-default\">\n\t\t\t\t\t<div class=\"elementor-column elementor-col-100 elementor-top-column elementor-element elementor-element-ea0fb9b\" data-id=\"ea0fb9b\" data-element_type=\"column\">\n\t\t\t<div class=\"elementor-widget-wrap elementor-element-populated\">\n\t\t\t\t\t\t<div class=\"elementor-element elementor-element-237e6c3 elementor-widget elementor-widget-image\" data-id=\"237e6c3\" data-element_type=\"widget\" data-widget_type=\"image.default\">\n\t\t\t\t<div class=\"elementor-widget-container\">\n\t\t\t\t\t\t\t\t\t\t\t\t\t\t\t<img loading=\"lazy\" decoding=\"async\" width=\"1024\" height=\"758\" src=\"https:\/\/www.thodepohlai.com\/wp-content\/uploads\/2026\/02\/32_Work_FT_Renez-Lezard4-1024x758.png\" class=\"attachment-large size-large wp-image-4188\" alt=\"\" srcset=\"https:\/\/www.thodepohlai.com\/wp-content\/uploads\/2026\/02\/32_Work_FT_Renez-Lezard4-1024x758.png 1024w, https:\/\/www.thodepohlai.com\/wp-content\/uploads\/2026\/02\/32_Work_FT_Renez-Lezard4-300x222.png 300w, https:\/\/www.thodepohlai.com\/wp-content\/uploads\/2026\/02\/32_Work_FT_Renez-Lezard4-768x568.png 768w, https:\/\/www.thodepohlai.com\/wp-content\/uploads\/2026\/02\/32_Work_FT_Renez-Lezard4-24x18.png 24w, https:\/\/www.thodepohlai.com\/wp-content\/uploads\/2026\/02\/32_Work_FT_Renez-Lezard4-36x27.png 36w, https:\/\/www.thodepohlai.com\/wp-content\/uploads\/2026\/02\/32_Work_FT_Renez-Lezard4-48x36.png 48w, https:\/\/www.thodepohlai.com\/wp-content\/uploads\/2026\/02\/32_Work_FT_Renez-Lezard4.png 1100w\" sizes=\"(max-width: 1024px) 100vw, 1024px\" \/>\t\t\t\t\t\t\t\t\t\t\t\t\t\t\t<\/div>\n\t\t\t\t<\/div>\n\t\t\t\t\t<\/div>\n\t\t<\/div>\n\t\t\t\t\t<\/div>\n\t\t<\/section>\n\t\t\t\t<section class=\"elementor-section elementor-top-section elementor-element elementor-element-a7150be elementor-section-boxed elementor-section-height-default elementor-section-height-default\" data-id=\"a7150be\" data-element_type=\"section\">\n\t\t\t\t\t\t<div class=\"elementor-container elementor-column-gap-default\">\n\t\t\t\t\t<div class=\"elementor-column elementor-col-100 elementor-top-column elementor-element elementor-element-17c36c3\" data-id=\"17c36c3\" data-element_type=\"column\">\n\t\t\t<div class=\"elementor-widget-wrap elementor-element-populated\">\n\t\t\t\t\t\t<div class=\"elementor-element elementor-element-673245b elementor-widget elementor-widget-image\" data-id=\"673245b\" data-element_type=\"widget\" data-widget_type=\"image.default\">\n\t\t\t\t<div class=\"elementor-widget-container\">\n\t\t\t\t\t\t\t\t\t\t\t\t\t\t\t<img loading=\"lazy\" decoding=\"async\" width=\"1024\" height=\"959\" src=\"https:\/\/www.thodepohlai.com\/wp-content\/uploads\/2026\/02\/32_Work_FT_Renez-Lezard5-1024x959.png\" class=\"attachment-large size-large wp-image-4189\" alt=\"\" srcset=\"https:\/\/www.thodepohlai.com\/wp-content\/uploads\/2026\/02\/32_Work_FT_Renez-Lezard5-1024x959.png 1024w, https:\/\/www.thodepohlai.com\/wp-content\/uploads\/2026\/02\/32_Work_FT_Renez-Lezard5-300x281.png 300w, https:\/\/www.thodepohlai.com\/wp-content\/uploads\/2026\/02\/32_Work_FT_Renez-Lezard5-768x719.png 768w, https:\/\/www.thodepohlai.com\/wp-content\/uploads\/2026\/02\/32_Work_FT_Renez-Lezard5-24x22.png 24w, https:\/\/www.thodepohlai.com\/wp-content\/uploads\/2026\/02\/32_Work_FT_Renez-Lezard5-36x34.png 36w, https:\/\/www.thodepohlai.com\/wp-content\/uploads\/2026\/02\/32_Work_FT_Renez-Lezard5-48x45.png 48w, https:\/\/www.thodepohlai.com\/wp-content\/uploads\/2026\/02\/32_Work_FT_Renez-Lezard5.png 1100w\" sizes=\"(max-width: 1024px) 100vw, 1024px\" \/>\t\t\t\t\t\t\t\t\t\t\t\t\t\t\t<\/div>\n\t\t\t\t<\/div>\n\t\t\t\t\t<\/div>\n\t\t<\/div>\n\t\t\t\t\t<\/div>\n\t\t<\/section>\n\t\t\t\t<section class=\"elementor-section elementor-top-section elementor-element elementor-element-871c614 elementor-section-boxed elementor-section-height-default elementor-section-height-default\" data-id=\"871c614\" data-element_type=\"section\">\n\t\t\t\t\t\t<div class=\"elementor-container elementor-column-gap-default\">\n\t\t\t\t\t<div class=\"elementor-column elementor-col-100 elementor-top-column elementor-element elementor-element-d4d8521\" data-id=\"d4d8521\" data-element_type=\"column\">\n\t\t\t<div class=\"elementor-widget-wrap elementor-element-populated\">\n\t\t\t\t\t\t<div class=\"elementor-element elementor-element-ad7016c elementor-widget elementor-widget-spacer\" data-id=\"ad7016c\" data-element_type=\"widget\" data-widget_type=\"spacer.default\">\n\t\t\t\t<div class=\"elementor-widget-container\">\n\t\t\t\t\t\t\t<div class=\"elementor-spacer\">\n\t\t\t<div class=\"elementor-spacer-inner\"><\/div>\n\t\t<\/div>\n\t\t\t\t\t\t<\/div>\n\t\t\t\t<\/div>\n\t\t\t\t\t<\/div>\n\t\t<\/div>\n\t\t\t\t\t<\/div>\n\t\t<\/section>\n\t\t\t\t<\/div>\n\t\t<div class=\"clearfix\"><\/div>","protected":false},"excerpt":{"rendered":"<p>REN\u00c9 LEZARD ADVERTISING Ren\u00e9 Lezard steht seit jeher f\u00fcr Designtradition, h\u00f6chste Qualit\u00e4t und zeitlose Eleganz. Besonders in der Herrenmode hat sich die Marke mit klaren Linien, edlen Materialien und einem unverwechselbar stilvollen Anspruch einen festen Platz im Premiumsegment gesichert. Ren\u00e9 Lezard verbindet klassische Werte mit modernem Selbstbewusstsein \u2013 und setzt auch in Zukunft konsequent auf [&hellip;]<\/p>\n","protected":false},"author":1,"featured_media":0,"parent":0,"menu_order":0,"comment_status":"closed","ping_status":"closed","template":"","meta":{"inline_featured_image":false,"footnotes":""},"class_list":["post-4184","page","type-page","status-publish","hentry"],"_links":{"self":[{"href":"https:\/\/www.thodepohlai.com\/index.php\/wp-json\/wp\/v2\/pages\/4184"}],"collection":[{"href":"https:\/\/www.thodepohlai.com\/index.php\/wp-json\/wp\/v2\/pages"}],"about":[{"href":"https:\/\/www.thodepohlai.com\/index.php\/wp-json\/wp\/v2\/types\/page"}],"author":[{"embeddable":true,"href":"https:\/\/www.thodepohlai.com\/index.php\/wp-json\/wp\/v2\/users\/1"}],"replies":[{"embeddable":true,"href":"https:\/\/www.thodepohlai.com\/index.php\/wp-json\/wp\/v2\/comments?post=4184"}],"version-history":[{"count":7,"href":"https:\/\/www.thodepohlai.com\/index.php\/wp-json\/wp\/v2\/pages\/4184\/revisions"}],"predecessor-version":[{"id":4221,"href":"https:\/\/www.thodepohlai.com\/index.php\/wp-json\/wp\/v2\/pages\/4184\/revisions\/4221"}],"wp:attachment":[{"href":"https:\/\/www.thodepohlai.com\/index.php\/wp-json\/wp\/v2\/media?parent=4184"}],"curies":[{"name":"wp","href":"https:\/\/api.w.org\/{rel}","templated":true}]}}