{"id":489,"date":"2020-06-05T09:53:34","date_gmt":"2020-06-05T07:53:34","guid":{"rendered":"http:\/\/demo.thodepohlai.com\/?page_id=489"},"modified":"2020-11-11T13:27:21","modified_gmt":"2020-11-11T12:27:21","slug":"impressum","status":"publish","type":"page","link":"https:\/\/www.thodepohlai.com\/index.php\/impressum\/","title":{"rendered":"Impressum"},"content":{"rendered":"\t\t<div data-elementor-type=\"wp-page\" data-elementor-id=\"489\" class=\"elementor elementor-489\">\n\t\t\t\t\t\t<section class=\"elementor-section elementor-top-section elementor-element elementor-element-8aea113 elementor-section-boxed elementor-section-height-default elementor-section-height-default\" data-id=\"8aea113\" data-element_type=\"section\">\n\t\t\t\t\t\t<div class=\"elementor-container elementor-column-gap-default\">\n\t\t\t\t\t<div class=\"elementor-column elementor-col-100 elementor-top-column elementor-element elementor-element-d617850\" data-id=\"d617850\" data-element_type=\"column\">\n\t\t\t<div class=\"elementor-widget-wrap elementor-element-populated\">\n\t\t\t\t\t\t<div class=\"elementor-element elementor-element-8dcd0ab elementor-widget elementor-widget-text-editor\" data-id=\"8dcd0ab\" data-element_type=\"widget\" data-widget_type=\"text-editor.default\">\n\t\t\t\t<div class=\"elementor-widget-container\">\n\t\t\t\t\t\t\t\t\t<p>Impressum<\/p>\t\t\t\t\t\t\t\t<\/div>\n\t\t\t\t<\/div>\n\t\t\t\t<div class=\"elementor-element elementor-element-b3fe09d elementor-widget elementor-widget-text-editor\" data-id=\"b3fe09d\" data-element_type=\"widget\" data-widget_type=\"text-editor.default\">\n\t\t\t\t<div class=\"elementor-widget-container\">\n\t\t\t\t\t\t\t\t\t<p>thodepohlai COMMUNICATION GmbH<br \/>Lutterothstrasse 16a<br \/>20255 Hamburg<br \/>Fon +49 (0) 40.2841646-0<\/p><p><a href=\"mailto:mail@thodepohlai.com\">mail@thodepohlai.com<\/a><br \/><a href=\"https:\/\/www.thodepohlai.com\/\">www.thodepohlai.com<\/a><\/p><p>Karsten Pohlai<br \/>Gesch\u00e4ftsf\u00fchrung<\/p><p>USt-IdNr. DE 301 508 425<\/p><p><strong>Realisation<\/strong><br \/>DESIGNB\u00dcRO PERSCH, HAMBURG<br \/><a href=\"http:\/\/www.bueropersch.de\/\">www.bueropersch.de<\/a><\/p>\t\t\t\t\t\t\t\t<\/div>\n\t\t\t\t<\/div>\n\t\t\t\t\t<\/div>\n\t\t<\/div>\n\t\t\t\t\t<\/div>\n\t\t<\/section>\n\t\t\t\t<\/div>\n\t\t<div class=\"clearfix\"><\/div>","protected":false},"excerpt":{"rendered":"<p>Impressum thodepohlai COMMUNICATION GmbHLutterothstrasse 16a20255 HamburgFon +49 (0) 40.2841646-0 mail@thodepohlai.comwww.thodepohlai.com Karsten PohlaiGesch\u00e4ftsf\u00fchrung USt-IdNr. DE 301 508 425 RealisationDESIGNB\u00dcRO PERSCH, HAMBURGwww.bueropersch.de<\/p>\n","protected":false},"author":1,"featured_media":0,"parent":0,"menu_order":0,"comment_status":"closed","ping_status":"closed","template":"","meta":{"inline_featured_image":false,"footnotes":""},"class_list":["post-489","page","type-page","status-publish","hentry"],"_links":{"self":[{"href":"https:\/\/www.thodepohlai.com\/index.php\/wp-json\/wp\/v2\/pages\/489"}],"collection":[{"href":"https:\/\/www.thodepohlai.com\/index.php\/wp-json\/wp\/v2\/pages"}],"about":[{"href":"https:\/\/www.thodepohlai.com\/index.php\/wp-json\/wp\/v2\/types\/page"}],"author":[{"embeddable":true,"href":"https:\/\/www.thodepohlai.com\/index.php\/wp-json\/wp\/v2\/users\/1"}],"replies":[{"embeddable":true,"href":"https:\/\/www.thodepohlai.com\/index.php\/wp-json\/wp\/v2\/comments?post=489"}],"version-history":[{"count":0,"href":"https:\/\/www.thodepohlai.com\/index.php\/wp-json\/wp\/v2\/pages\/489\/revisions"}],"wp:attachment":[{"href":"https:\/\/www.thodepohlai.com\/index.php\/wp-json\/wp\/v2\/media?parent=489"}],"curies":[{"name":"wp","href":"https:\/\/api.w.org\/{rel}","templated":true}]}}